{"id":920,"date":"2026-03-08T00:30:39","date_gmt":"2026-03-07T23:30:39","guid":{"rendered":"https:\/\/www.aichemchemical.es\/product\/rinnova-fascionie-plastiche-senza-silicone-2\/"},"modified":"2026-03-08T00:30:43","modified_gmt":"2026-03-07T23:30:43","slug":"rinnova-fascionie-plastiche-senza-silicone-2","status":"publish","type":"product","link":"https:\/\/www.aichemchemical.es\/it\/product\/rinnova-fascionie-plastiche-senza-silicone-2\/","title":{"rendered":"Rinnova fascionie plastiche senza silicone"},"content":{"rendered":"<p>505 \/ <span style=\"vertical-align: inherit;\">EAN: 0<\/span><\/p>\n<p><span style=\"vertical-align: inherit;\"><span style=\"vertical-align: inherit;\">PLASTIC CLEAN es un revividor profesional con siliconas dise\u00f1ado para recuperar el buen aspecto de los pl\u00e1sticos exteriores no pintados, especialmente molduras y parachoques.<\/p>\n<p>Aporta brillo y protecci\u00f3n superficial, y gracias a su funci\u00f3n antiest\u00e1tica, ayuda a que el polvo se adhiera menos. Adem\u00e1s, est\u00e1 formulado para no manchar las superficies con las que entra en contacto cuando se utiliza correctamente.<\/p>\n<p>Ventajas principales<\/p>\n<p>Para pl\u00e1sticos no pintados (molduras y parachoques).<\/p>\n<p>Con siliconas: acabado m\u00e1s visible y protector.<\/p>\n<p>Funci\u00f3n antiest\u00e1tica (menos polvo).<\/p>\n<p>No mancha (uso correcto).<\/p>\n<p>Ideal para detailing y centros de lavado.<\/p>\n<p>Caracter\u00edsticas (Informaci\u00f3n adicional)<\/p>\n<p>Tipo: Revividor \/ abrillantador de pl\u00e1sticos<\/p>\n<p>Con: siliconas<\/p>\n<p>Superficies: fasce\/molduras y parachoques de pl\u00e1stico no pintado<\/p>\n<p>Propiedades: antiest\u00e1tico, no mancha (uso correcto)<\/p>\n<p>Modo de empleo<\/p>\n<p>Aplicar sobre superficie limpia y seca con un aplicador o pa\u00f1o, extender de forma uniforme y retirar exceso si es necesario.<\/span><\/span><\/p>\n<h3>C\u00f3digo UFI: 5565-d515-a1515-e10218<\/h3>\n<p>&nbsp;<\/p>\n<table style='width: 100%; border: 1px solid #666; border-collapse: collapse;'>\n<tr>\n<td style='text-align: center; border: 1px solid #666;'><img decoding=\"async\" src=\"https:\/\/www.aichemchemical.es\/wp-content\/uploads\/2024\/08\/IconoPalet.png\" alt=\"Icono Palet\" style='width: 80px; height: 80px;' \/><\/td>\n<td","protected":false},"excerpt":{"rendered":"<p>Compuesto profesional con siliconas para abrillantar y proteger molduras\/fascioni y parachoques\/pl\u00e1sticos no pintados. Efecto antiest\u00e1tico y no mancha (uso correcto).<\/p>","protected":false},"featured_media":922,"template":"","meta":{"_et_pb_use_builder":"","_et_pb_old_content":"","_et_gb_content_width":""},"product_brand":[],"product_cat":[66],"product_tag":[23,22],"class_list":{"0":"post-920","1":"product","2":"type-product","3":"status-publish","4":"has-post-thumbnail","6":"product_cat-linea-car-care","7":"product_tag-liquido","8":"product_tag-monocomponente","9":"pa_formato-500-ml","11":"first","12":"instock","13":"shipping-taxable","14":"product-type-simple"},"_links":{"self":[{"href":"https:\/\/www.aichemchemical.es\/it\/wp-json\/wp\/v2\/product\/920","targetHints":{"allow":["GET"]}}],"collection":[{"href":"https:\/\/www.aichemchemical.es\/it\/wp-json\/wp\/v2\/product"}],"about":[{"href":"https:\/\/www.aichemchemical.es\/it\/wp-json\/wp\/v2\/types\/product"}],"wp:featuredmedia":[{"embeddable":true,"href":"https:\/\/www.aichemchemical.es\/it\/wp-json\/wp\/v2\/media\/922"}],"wp:attachment":[{"href":"https:\/\/www.aichemchemical.es\/it\/wp-json\/wp\/v2\/media?parent=920"}],"wp:term":[{"taxonomy":"product_brand","embeddable":true,"href":"https:\/\/www.aichemchemical.es\/it\/wp-json\/wp\/v2\/product_brand?post=920"},{"taxonomy":"product_cat","embeddable":true,"href":"https:\/\/www.aichemchemical.es\/it\/wp-json\/wp\/v2\/product_cat?post=920"},{"taxonomy":"product_tag","embeddable":true,"href":"https:\/\/www.aichemchemical.es\/it\/wp-json\/wp\/v2\/product_tag?post=920"}],"curies":[{"name":"wp","href":"https:\/\/api.w.org\/{rel}","templated":true}]}}