{"id":910,"date":"2026-03-08T00:30:29","date_gmt":"2026-03-07T23:30:29","guid":{"rendered":"https:\/\/www.aichemchemical.es\/product\/lucida-cruscotti-2\/"},"modified":"2026-03-08T00:30:32","modified_gmt":"2026-03-07T23:30:32","slug":"lucida-cruscotti-2","status":"publish","type":"product","link":"https:\/\/www.aichemchemical.es\/it\/product\/lucida-cruscotti-2\/","title":{"rendered":"Lucida Cruscotti"},"content":{"rendered":"<p>535 \/ <span style=\"vertical-align: inherit;\">EAN: 0<\/span><\/p>\n<p><span style=\"vertical-align: inherit;\"><span style=\"vertical-align: inherit;\">LC WHITE EMULSION es una emulsi\u00f3n acuosa perfumada de uso profesional con siliconas, dise\u00f1ada para el cuidado interior del veh\u00edculo.<\/p>\n<p>Est\u00e1 indicada para abrillantar y proteger:<\/p>\n<p>Salpicaderos de pl\u00e1stico<\/p>\n<p>Superficies duras<\/p>\n<p>Similpiel y materiales similares<\/p>\n<p>Aporta un acabado m\u00e1s uniforme y, gracias a su funci\u00f3n antiest\u00e1tica, ayuda a que el polvo se adhiera menos. Adem\u00e1s, su formulaci\u00f3n est\u00e1 pensada para no manchar las superficies con las que entra en contacto cuando se aplica correctamente.<\/p>\n<p>Ventajas principales<\/p>\n<p>Emulsi\u00f3n acuosa profesional con siliconas.<\/p>\n<p>Abrillanta y protege pl\u00e1sticos, superficies duras y similpiel.<\/p>\n<p>Funci\u00f3n antiest\u00e1tica (menos polvo).<\/p>\n<p>No mancha (uso correcto).<\/p>\n<p>Perfumada.<\/p>\n<p>Caracter\u00edsticas (Informaci\u00f3n adicional)<\/p>\n<p>Tipo: Abrillantador interior \/ salpicaderos<\/p>\n<p>Base: emulsi\u00f3n acuosa<\/p>\n<p>Con: siliconas<\/p>\n<p>Superficies: pl\u00e1stico, superficies duras, similpiel<\/p>\n<p>Propiedad: antiest\u00e1tica<\/p>\n<p>Extra: perfumado \/ no mancha (uso correcto)<\/p>\n<p>Modo de empleo<\/p>\n<p>Aplicar una peque\u00f1a cantidad sobre un pa\u00f1o o aplicador, extender de forma uniforme y retirar exceso con microfibra si es necesario. Evitar aplicar sobre volante, pedales o zonas donde pueda reducir el agarre.<\/span><\/span><\/p>\n<h3>C\u00f3digo UFI: 5565-d515-a1515-e10214<\/h3>\n<p>&nbsp;<\/p>\n<table style='width: 100%; border: 1px solid #666; border-collapse: collapse;'>\n<tr>\n<td style='text-align: center; border: 1px solid #666;'><img decoding=\"async\" src=\"https:\/\/www.aichemchemical.es\/wp-content\/uploads\/2024\/08\/IconoPalet.png\" alt=\"Icono Palet\" style='width: 80px; height: 80px;' \/><\/td>\n<td","protected":false},"excerpt":{"rendered":"<p>Emulsi\u00f3n acuosa perfumada profesional con siliconas para abrillantar y proteger salpicaderos de pl\u00e1stico, superficies duras y similpiel. Efecto antiest\u00e1tico y no mancha (uso correcto).<\/p>","protected":false},"featured_media":912,"template":"","meta":{"_et_pb_use_builder":"","_et_pb_old_content":"","_et_gb_content_width":""},"product_brand":[],"product_cat":[66],"product_tag":[23,22],"class_list":{"0":"post-910","1":"product","2":"type-product","3":"status-publish","4":"has-post-thumbnail","6":"product_cat-linea-car-care","7":"product_tag-liquido","8":"product_tag-monocomponente","9":"pa_formato-500-ml","11":"first","12":"instock","13":"shipping-taxable","14":"product-type-simple"},"_links":{"self":[{"href":"https:\/\/www.aichemchemical.es\/it\/wp-json\/wp\/v2\/product\/910","targetHints":{"allow":["GET"]}}],"collection":[{"href":"https:\/\/www.aichemchemical.es\/it\/wp-json\/wp\/v2\/product"}],"about":[{"href":"https:\/\/www.aichemchemical.es\/it\/wp-json\/wp\/v2\/types\/product"}],"wp:featuredmedia":[{"embeddable":true,"href":"https:\/\/www.aichemchemical.es\/it\/wp-json\/wp\/v2\/media\/912"}],"wp:attachment":[{"href":"https:\/\/www.aichemchemical.es\/it\/wp-json\/wp\/v2\/media?parent=910"}],"wp:term":[{"taxonomy":"product_brand","embeddable":true,"href":"https:\/\/www.aichemchemical.es\/it\/wp-json\/wp\/v2\/product_brand?post=910"},{"taxonomy":"product_cat","embeddable":true,"href":"https:\/\/www.aichemchemical.es\/it\/wp-json\/wp\/v2\/product_cat?post=910"},{"taxonomy":"product_tag","embeddable":true,"href":"https:\/\/www.aichemchemical.es\/it\/wp-json\/wp\/v2\/product_tag?post=910"}],"curies":[{"name":"wp","href":"https:\/\/api.w.org\/{rel}","templated":true}]}}