{"id":821,"date":"2026-03-08T00:27:56","date_gmt":"2026-03-07T23:27:56","guid":{"rendered":"https:\/\/www.aichemchemical.es\/product\/rimuovi-cemento\/"},"modified":"2026-03-08T00:28:45","modified_gmt":"2026-03-07T23:28:45","slug":"rimuovi-cemento","status":"publish","type":"product","link":"https:\/\/www.aichemchemical.es\/it\/product\/rimuovi-cemento\/","title":{"rendered":"Rimuovi Cemento"},"content":{"rendered":"<p>1741 \/ <span style=\"vertical-align: inherit;\">EAN: 0<\/span><\/p>\n<p><span style=\"vertical-align: inherit;\"><span style=\"vertical-align: inherit;\">BETON CLEANER es un quitacemento concentrado formulado para disolver y eliminar incrustaciones y restos de cemento que se quedan adheridos tras trabajos de obra.<\/p>\n<p>Est\u00e1 indicado para limpieza de:<\/p>\n<p>Hormigoneras (betoniere) y maquinaria industrial<\/p>\n<p>Herramientas de alba\u00f1iler\u00eda y colocaci\u00f3n de azulejos<\/p>\n<p>Pavimentos y superficies con restos de cemento<\/p>\n<p>Funciona sobre materiales como:<\/p>\n<p>Baldosas cer\u00e1micas<\/p>\n<p>Gres<\/p>\n<p>Cotto \/ barro cocido<\/p>\n<p>y otras superficies compatibles, ayudando a recuperar el acabado eliminando la costra de cemento.<\/p>\n<p>Ventajas principales<\/p>\n<p>Concentrado: alto rendimiento.<\/p>\n<p>Disuelve incrustaciones de cemento.<\/p>\n<p>Apto para maquinaria (hormigoneras) y herramientas de obra.<\/p>\n<p>\u00datil en pavimentos y baldosas (cer\u00e1mica, gres, cotto, etc.).<\/p>\n<p>Caracter\u00edsticas (Informaci\u00f3n adicional)<\/p>\n<p>Tipo: Decementante \/ quitacemento<\/p>\n<p>Concentraci\u00f3n: Concentrado<\/p>\n<p>Aplicaciones: hormigoneras, maquinaria, herramientas, pavimentos<\/p>\n<p>Acci\u00f3n: disuelve incrustaciones de cemento<\/p>\n<p>Superficies compatibles: cer\u00e1mica, gres, cotto (seg\u00fan uso)<\/p>\n<p>Modo de empleo (gen\u00e9rico y seguro)<\/p>\n<p>Aplicar sobre la zona con restos de cemento, dejar actuar el tiempo indicado y trabajar con cepillo si es necesario. Aclarar abundantemente. Probar antes en una zona poco visible para confirmar compatibilidad. No dejar secar el producto sobre la superficie.<\/p>\n<p>Precauciones (importante)<\/p>\n<p>Producto decementante normalmente \u00e1cido: usar guantes y protecci\u00f3n ocular, trabajar ventilado. Evitar en superficies sensibles a \u00e1cidos (piedra caliza\/m\u00e1rmol, etc.) salvo confirmaci\u00f3n de compatibilidad. Seguir siempre etiqueta y ficha de seguridad.<\/span><\/span><\/p>\n<h3>C\u00f3digo UFI: 5565-d515-a1515-e10176<\/h3>\n<p>&nbsp;<\/p>\n<table style='width: 100%; border: 1px solid #666; border-collapse: collapse;'>\n<tr>\n<td style='text-align: center; border: 1px solid #666;'><img decoding=\"async\" src=\"https:\/\/www.aichemchemical.es\/wp-content\/uploads\/2024\/08\/IconoPalet.png\" alt=\"Icono Palet\" style='width: 80px; height: 80px;' \/><\/td>\n<td","protected":false},"excerpt":{"rendered":"<p>Decementante concentrado para eliminar incrustaciones de cemento en m\u00e1quinas industriales y pavimentaciones. Disuelve restos de cemento en hormigoneras, herramientas de alba\u00f1iles\/alicatadores y en superficies como cer\u00e1mica, gres, barro cocido (cotto), etc.<\/p>","protected":false},"featured_media":823,"template":"","meta":{"_et_pb_use_builder":"","_et_pb_old_content":"","_et_gb_content_width":""},"product_brand":[],"product_cat":[63],"product_tag":[23,22],"class_list":{"0":"post-821","1":"product","2":"type-product","3":"status-publish","4":"has-post-thumbnail","6":"product_cat-linea-truck-wash","7":"product_tag-liquido","8":"product_tag-monocomponente","9":"pa_formato-10-kg","10":"pa_formato-25-kg","11":"pa_formato-5-kg","13":"first","14":"instock","15":"shipping-taxable","16":"product-type-variable"},"_links":{"self":[{"href":"https:\/\/www.aichemchemical.es\/it\/wp-json\/wp\/v2\/product\/821","targetHints":{"allow":["GET"]}}],"collection":[{"href":"https:\/\/www.aichemchemical.es\/it\/wp-json\/wp\/v2\/product"}],"about":[{"href":"https:\/\/www.aichemchemical.es\/it\/wp-json\/wp\/v2\/types\/product"}],"wp:featuredmedia":[{"embeddable":true,"href":"https:\/\/www.aichemchemical.es\/it\/wp-json\/wp\/v2\/media\/823"}],"wp:attachment":[{"href":"https:\/\/www.aichemchemical.es\/it\/wp-json\/wp\/v2\/media?parent=821"}],"wp:term":[{"taxonomy":"product_brand","embeddable":true,"href":"https:\/\/www.aichemchemical.es\/it\/wp-json\/wp\/v2\/product_brand?post=821"},{"taxonomy":"product_cat","embeddable":true,"href":"https:\/\/www.aichemchemical.es\/it\/wp-json\/wp\/v2\/product_cat?post=821"},{"taxonomy":"product_tag","embeddable":true,"href":"https:\/\/www.aichemchemical.es\/it\/wp-json\/wp\/v2\/product_tag?post=821"}],"curies":[{"name":"wp","href":"https:\/\/api.w.org\/{rel}","templated":true}]}}