{"id":814,"date":"2026-03-08T00:27:46","date_gmt":"2026-03-07T23:27:46","guid":{"rendered":"https:\/\/www.aichemchemical.es\/product\/sgrassatore-alcalino-monocomponente-camion\/"},"modified":"2026-03-08T00:27:57","modified_gmt":"2026-03-07T23:27:57","slug":"sgrassatore-alcalino-monocomponente-camion","status":"publish","type":"product","link":"https:\/\/www.aichemchemical.es\/it\/product\/sgrassatore-alcalino-monocomponente-camion\/","title":{"rendered":"Sgrassatore alcalino monocomponente Camion"},"content":{"rendered":"<p>1564 \/ <span style=\"vertical-align: inherit;\">EAN: 0<\/span><\/p>\n<p><span style=\"vertical-align: inherit;\"><span style=\"vertical-align: inherit;\">BASIC SG 50 es un detergente alcalino de alta concentraci\u00f3n con formulaci\u00f3n monocomponente, pensado para limpieza profesional cuando necesitas potencia y rendimiento.<\/p>\n<p>Combina una elevada acci\u00f3n desengrasante con un excelente poder detergente, actuando sobre suciedad muy variada y persistente, como:<\/p>\n<p>Grasa<\/p>\n<p>Residuos petrol\u00edferos<\/p>\n<p>Residuos carbonosos<\/p>\n<p>Smog<\/p>\n<p>Terriccio (tierra\/barro)<\/p>\n<p>y suciedad general incrustada<\/p>\n<p>Es una opci\u00f3n muy pr\u00e1ctica para entornos donde la suciedad es \u201cde verdad\u201d y el producto debe rendir.<\/p>\n<p>Ventajas principales<\/p>\n<p>Alcalino y altamente concentrado.<\/p>\n<p>Monocomponente: uso profesional sencillo.<\/p>\n<p>Muy eficaz contra grasa, residuos petrol\u00edferos\/carbonosos, smog y tierra.<\/p>\n<p>Alta acci\u00f3n desengrasante + acci\u00f3n detergente completa.<\/p>\n<p>Caracter\u00edsticas (Informaci\u00f3n adicional)<\/p>\n<p>Tipo: Detergente alcalino profesional<\/p>\n<p>Sistema: Monocomponente<\/p>\n<p>Concentraci\u00f3n: Alta (concentrado)<\/p>\n<p>Acci\u00f3n: desengrasante + detergente<\/p>\n<p>Suciedad objetivo: grasa, residuos petrol\u00edferos y carbonosos, smog, tierra\/barro<\/p>\n<p>Modo de empleo (seguro, sin inventar diluciones)<\/p>\n<p>Usar seg\u00fan el sistema de aplicaci\u00f3n (prelavado, dosificaci\u00f3n, lanza, etc.) respetando la dosificaci\u00f3n recomendada en la etiqueta\/ficha t\u00e9cnica. No dejar secar el producto sobre la superficie y aclarar correctamente.<\/span><\/span><\/p>\n<h3>C\u00f3digo UFI: 5565-d515-a1515-e10167<\/h3>\n<p>&nbsp;<\/p>\n<table style='width: 100%; border: 1px solid #666; border-collapse: collapse;'>\n<tr>\n<td style='text-align: center; border: 1px solid #666;'><img decoding=\"async\" src=\"https:\/\/www.aichemchemical.es\/wp-content\/uploads\/2024\/08\/IconoPalet.png\" alt=\"Icono Palet\" style='width: 80px; height: 80px;' \/><\/td>\n<td","protected":false},"excerpt":{"rendered":"<p>Detergente alcalino altamente concentrado y monocomponente. Gran acci\u00f3n desengrasante y excelente poder detergente sobre todo tipo de suciedad: grasa, residuos petrol\u00edferos y carbonosos, smog, tierra\/barro, etc.<\/p>","protected":false},"featured_media":816,"template":"","meta":{"_et_pb_use_builder":"","_et_pb_old_content":"","_et_gb_content_width":""},"product_brand":[],"product_cat":[63],"product_tag":[23,22],"class_list":{"0":"post-814","1":"product","2":"type-product","3":"status-publish","4":"has-post-thumbnail","6":"product_cat-linea-truck-wash","7":"product_tag-liquido","8":"product_tag-monocomponente","9":"pa_formato-10kg","10":"pa_formato-25-kg","11":"pa_formato-5kg","13":"first","14":"instock","15":"shipping-taxable","16":"product-type-variable"},"_links":{"self":[{"href":"https:\/\/www.aichemchemical.es\/it\/wp-json\/wp\/v2\/product\/814","targetHints":{"allow":["GET"]}}],"collection":[{"href":"https:\/\/www.aichemchemical.es\/it\/wp-json\/wp\/v2\/product"}],"about":[{"href":"https:\/\/www.aichemchemical.es\/it\/wp-json\/wp\/v2\/types\/product"}],"wp:featuredmedia":[{"embeddable":true,"href":"https:\/\/www.aichemchemical.es\/it\/wp-json\/wp\/v2\/media\/816"}],"wp:attachment":[{"href":"https:\/\/www.aichemchemical.es\/it\/wp-json\/wp\/v2\/media?parent=814"}],"wp:term":[{"taxonomy":"product_brand","embeddable":true,"href":"https:\/\/www.aichemchemical.es\/it\/wp-json\/wp\/v2\/product_brand?post=814"},{"taxonomy":"product_cat","embeddable":true,"href":"https:\/\/www.aichemchemical.es\/it\/wp-json\/wp\/v2\/product_cat?post=814"},{"taxonomy":"product_tag","embeddable":true,"href":"https:\/\/www.aichemchemical.es\/it\/wp-json\/wp\/v2\/product_tag?post=814"}],"curies":[{"name":"wp","href":"https:\/\/api.w.org\/{rel}","templated":true}]}}