{"id":807,"date":"2026-03-08T00:27:36","date_gmt":"2026-03-07T23:27:36","guid":{"rendered":"https:\/\/www.aichemchemical.es\/product\/sgrassatore-alcalino-bicomponente-camion-2\/"},"modified":"2026-03-08T00:27:47","modified_gmt":"2026-03-07T23:27:47","slug":"sgrassatore-alcalino-bicomponente-camion-2","status":"publish","type":"product","link":"https:\/\/www.aichemchemical.es\/it\/product\/sgrassatore-alcalino-bicomponente-camion-2\/","title":{"rendered":"Sgrassatore alcalino bicomponente Camion"},"content":{"rendered":"<p>1565 \/ <span style=\"vertical-align: inherit;\">EAN: 0<\/span><\/p>\n<p><span style=\"vertical-align: inherit;\"><span style=\"vertical-align: inherit;\">BASIC SG 2C es un detergente alcalino profesional bicomponente de alta concentraci\u00f3n, formulado para trabajos de limpieza donde el desengrase tiene que ser serio y constante.<\/p>\n<p>Ofrece una elevada acci\u00f3n desengrasante sobre cualquier tipo de suciedad, ayudando a mantener superficies y equipos limpios en entornos de uso profesional.<\/p>\n<p>Adem\u00e1s, cuenta con certificaci\u00f3n HACCP, lo que lo hace adecuado para entornos con procedimientos de higiene y control, siempre siguiendo el uso previsto y la ficha t\u00e9cnica.<\/p>\n<p>Ventajas principales<\/p>\n<p>Bicomponente y concentrado.<\/p>\n<p>Alta eficacia desengrasante en todo tipo de suciedad.<\/p>\n<p>Pensado para uso profesional.<\/p>\n<p>Certificaci\u00f3n HACCP.<\/p>\n<p>Caracter\u00edsticas (Informaci\u00f3n adicional)<\/p>\n<p>Tipo: Detergente alcalino profesional<\/p>\n<p>Sistema: Bicomponente<\/p>\n<p>Concentraci\u00f3n: Alta (concentrado)<\/p>\n<p>Acci\u00f3n: desengrasante alto poder<\/p>\n<p>Certificaci\u00f3n: HACCP<\/p>\n<p>Modo de empleo (seguro, sin inventar diluciones)<\/p>\n<p>Aplicar mediante el sistema correspondiente (dosificaci\u00f3n autom\u00e1tica, prelavado, etc.) siguiendo la dosificaci\u00f3n recomendada en la etiqueta\/ficha t\u00e9cnica. No dejar secar sobre la superficie y aclarar seg\u00fan procedimiento.<\/span><\/span><\/p>\n<h3>C\u00f3digo UFI: 5565-d515-a1515-e10164<\/h3>\n<p>&nbsp;<\/p>\n<table style='width: 100%; border: 1px solid #666; border-collapse: collapse;'>\n<tr>\n<td style='text-align: center; border: 1px solid #666;'><img decoding=\"async\" src=\"https:\/\/www.aichemchemical.es\/wp-content\/uploads\/2024\/08\/IconoPalet.png\" alt=\"Icono Palet\" style='width: 80px; height: 80px;' \/><\/td>\n<td","protected":false},"excerpt":{"rendered":"<p>Detergente alcalino bicomponente altamente concentrado con elevada acci\u00f3n desengrasante sobre todo tipo de suciedad. Certificado HACCP.<\/p>","protected":false},"featured_media":809,"template":"","meta":{"_et_pb_use_builder":"","_et_pb_old_content":"","_et_gb_content_width":""},"product_brand":[],"product_cat":[63],"product_tag":[23,22],"class_list":{"0":"post-807","1":"product","2":"type-product","3":"status-publish","4":"has-post-thumbnail","6":"product_cat-linea-truck-wash","7":"product_tag-liquido","8":"product_tag-monocomponente","9":"pa_formato-10-kg","10":"pa_formato-25-kg","11":"pa_formato-5-kg","13":"first","14":"instock","15":"shipping-taxable","16":"product-type-variable"},"_links":{"self":[{"href":"https:\/\/www.aichemchemical.es\/it\/wp-json\/wp\/v2\/product\/807","targetHints":{"allow":["GET"]}}],"collection":[{"href":"https:\/\/www.aichemchemical.es\/it\/wp-json\/wp\/v2\/product"}],"about":[{"href":"https:\/\/www.aichemchemical.es\/it\/wp-json\/wp\/v2\/types\/product"}],"wp:featuredmedia":[{"embeddable":true,"href":"https:\/\/www.aichemchemical.es\/it\/wp-json\/wp\/v2\/media\/809"}],"wp:attachment":[{"href":"https:\/\/www.aichemchemical.es\/it\/wp-json\/wp\/v2\/media?parent=807"}],"wp:term":[{"taxonomy":"product_brand","embeddable":true,"href":"https:\/\/www.aichemchemical.es\/it\/wp-json\/wp\/v2\/product_brand?post=807"},{"taxonomy":"product_cat","embeddable":true,"href":"https:\/\/www.aichemchemical.es\/it\/wp-json\/wp\/v2\/product_cat?post=807"},{"taxonomy":"product_tag","embeddable":true,"href":"https:\/\/www.aichemchemical.es\/it\/wp-json\/wp\/v2\/product_tag?post=807"}],"curies":[{"name":"wp","href":"https:\/\/api.w.org\/{rel}","templated":true}]}}