{"id":800,"date":"2026-03-08T00:27:26","date_gmt":"2026-03-07T23:27:26","guid":{"rendered":"https:\/\/www.aichemchemical.es\/product\/bicomponente-super-concentrato\/"},"modified":"2026-03-08T00:27:37","modified_gmt":"2026-03-07T23:27:37","slug":"bicomponente-super-concentrato","status":"publish","type":"product","link":"https:\/\/www.aichemchemical.es\/it\/product\/bicomponente-super-concentrato\/","title":{"rendered":"Bicomponente super concentrato"},"content":{"rendered":"<p>2375 \/ <span style=\"vertical-align: inherit;\">EAN: 0<\/span><\/p>\n<p><span style=\"vertical-align: inherit;\"><span style=\"vertical-align: inherit;\">BASIC SG 2C RAPID es un detergente alcalino bicomponente de alt\u00edsima concentraci\u00f3n, formulado para limpieza profesional cuando necesitas potencia real y rendimiento.<\/p>\n<p>Ofrece una elevada acci\u00f3n desengrasante frente a todo tipo de suciedad, siendo una opci\u00f3n muy eficaz para entornos donde el desengrase es clave y el consumo por uso debe mantenerse bajo gracias a su concentraci\u00f3n.<\/p>\n<p>Adem\u00e1s, est\u00e1 certificado HACCP, lo que lo hace adecuado para entornos donde se trabaja con procedimientos de higiene y control (siempre siguiendo el uso previsto y la ficha t\u00e9cnica).<\/p>\n<p>Ventajas principales<\/p>\n<p>Bicomponente y s\u00faper concentrado.<\/p>\n<p>Desengrase intenso sobre todo tipo de suciedad.<\/p>\n<p>Rendimiento alto por su concentraci\u00f3n.<\/p>\n<p>Certificaci\u00f3n HACCP.<\/p>\n<p>Caracter\u00edsticas (Informaci\u00f3n adicional)<\/p>\n<p>Tipo: Detergente alcalino profesional<\/p>\n<p>Sistema: Bicomponente<\/p>\n<p>Concentraci\u00f3n: S\u00faper concentrado<\/p>\n<p>Acci\u00f3n: desengrasante alto poder<\/p>\n<p>Certificaci\u00f3n: HACCP<\/p>\n<p>Modo de empleo (seguro, sin inventar diluciones)<\/p>\n<p>Usar mediante el sistema de aplicaci\u00f3n correspondiente (dosificaci\u00f3n autom\u00e1tica, prelavado, etc.) siguiendo la dosificaci\u00f3n recomendada en etiqueta\/ficha t\u00e9cnica. No dejar secar sobre la superficie y aclarar seg\u00fan procedimiento.<\/span><\/span><\/p>\n<h3>C\u00f3digo UFI: 5565-d515-a1515-e10161<\/h3>\n<p>&nbsp;<\/p>\n<table style='width: 100%; border: 1px solid #666; border-collapse: collapse;'>\n<tr>\n<td style='text-align: center; border: 1px solid #666;'><img decoding=\"async\" src=\"https:\/\/www.aichemchemical.es\/wp-content\/uploads\/2024\/08\/IconoPalet.png\" alt=\"Icono Palet\" style='width: 80px; height: 80px;' \/><\/td>\n<td","protected":false},"excerpt":{"rendered":"<p>Detergente alcalino bicomponente s\u00faper concentrado con alta acci\u00f3n desengrasante sobre todo tipo de suciedad. Certificado HACCP.<\/p>","protected":false},"featured_media":802,"template":"","meta":{"_et_pb_use_builder":"","_et_pb_old_content":"","_et_gb_content_width":""},"product_brand":[],"product_cat":[63],"product_tag":[23,22],"class_list":{"0":"post-800","1":"product","2":"type-product","3":"status-publish","4":"has-post-thumbnail","6":"product_cat-linea-truck-wash","7":"product_tag-liquido","8":"product_tag-monocomponente","9":"pa_formato-10-kg","10":"pa_formato-25-kg","11":"pa_formato-5-kg","13":"first","14":"instock","15":"shipping-taxable","16":"product-type-variable"},"_links":{"self":[{"href":"https:\/\/www.aichemchemical.es\/it\/wp-json\/wp\/v2\/product\/800","targetHints":{"allow":["GET"]}}],"collection":[{"href":"https:\/\/www.aichemchemical.es\/it\/wp-json\/wp\/v2\/product"}],"about":[{"href":"https:\/\/www.aichemchemical.es\/it\/wp-json\/wp\/v2\/types\/product"}],"wp:featuredmedia":[{"embeddable":true,"href":"https:\/\/www.aichemchemical.es\/it\/wp-json\/wp\/v2\/media\/802"}],"wp:attachment":[{"href":"https:\/\/www.aichemchemical.es\/it\/wp-json\/wp\/v2\/media?parent=800"}],"wp:term":[{"taxonomy":"product_brand","embeddable":true,"href":"https:\/\/www.aichemchemical.es\/it\/wp-json\/wp\/v2\/product_brand?post=800"},{"taxonomy":"product_cat","embeddable":true,"href":"https:\/\/www.aichemchemical.es\/it\/wp-json\/wp\/v2\/product_cat?post=800"},{"taxonomy":"product_tag","embeddable":true,"href":"https:\/\/www.aichemchemical.es\/it\/wp-json\/wp\/v2\/product_tag?post=800"}],"curies":[{"name":"wp","href":"https:\/\/api.w.org\/{rel}","templated":true}]}}