{"id":790,"date":"2026-03-08T00:27:13","date_gmt":"2026-03-07T23:27:13","guid":{"rendered":"https:\/\/www.aichemchemical.es\/product\/sgrassatore-tute-da-lavoro\/"},"modified":"2026-03-08T00:27:17","modified_gmt":"2026-03-07T23:27:17","slug":"sgrassatore-tute-da-lavoro","status":"publish","type":"product","link":"https:\/\/www.aichemchemical.es\/it\/product\/sgrassatore-tute-da-lavoro\/","title":{"rendered":"Sgrassatore tute da Lavoro"},"content":{"rendered":"<p>2409 \/ <span style=\"vertical-align: inherit;\">EAN: 0<\/span><\/p>\n<p><span style=\"vertical-align: inherit;\"><span style=\"vertical-align: inherit;\">WORKWEAR CLEANER es un detergente l\u00edquido formulado para el lavado de indumentaria de trabajo, donde un detergente dom\u00e9stico a veces se queda corto.<\/p>\n<p>Su punto fuerte es el alto poder desengrasante, pensado para ayudar a retirar la suciedad t\u00edpica de uso profesional: grasa, suciedad adherida y manchas habituales de taller, almac\u00e9n o industria, manteniendo las prendas m\u00e1s limpias y presentables.<\/p>\n<p>Ventajas principales<\/p>\n<p>Espec\u00edfico para ropa de trabajo.<\/p>\n<p>Alto poder desengrasante.<\/p>\n<p>Ayuda a eliminar suciedad dif\u00edcil y grasa incrustada.<\/p>\n<p>Adecuado para uso profesional y dom\u00e9stico (ropa laboral).<\/p>\n<p>Caracter\u00edsticas (Informaci\u00f3n adicional)<\/p>\n<p>Tipo: Detergente l\u00edquido para prendas de trabajo<\/p>\n<p>Acci\u00f3n: desengrasante alto poder<\/p>\n<p>Uso: lavado de ropa laboral (taller, industria, mantenimiento, etc.)<\/p>\n<p>Modo de empleo (gen\u00e9rico y seguro)<\/p>\n<p>Usar en lavadora o lavado manual siguiendo la dosificaci\u00f3n recomendada en la etiqueta, ajustando seg\u00fan nivel de suciedad y carga. En manchas fuertes, tratar previamente la zona antes del lavado.<\/span><\/span><\/p>\n<h3>C\u00f3digo UFI: 5565-d515-a1515-e10153<\/h3>\n<p>&nbsp;<\/p>\n<table style='width: 100%; border: 1px solid #666; border-collapse: collapse;'>\n<tr>\n<td style='text-align: center; border: 1px solid #666;'><img decoding=\"async\" src=\"https:\/\/www.aichemchemical.es\/wp-content\/uploads\/2024\/08\/IconoPalet.png\" alt=\"Icono Palet\" style='width: 80px; height: 80px;' \/><\/td>\n<td","protected":false},"excerpt":{"rendered":"<p>Detergente l\u00edquido de alto poder desengrasante, espec\u00edfico para el lavado de prendas de trabajo. Ideal para eliminar suciedad habitual de taller\/industria: grasa y mugre incrustada (seg\u00fan uso y tejido).<\/p>","protected":false},"featured_media":792,"template":"","meta":{"_et_pb_use_builder":"","_et_pb_old_content":"","_et_gb_content_width":""},"product_brand":[],"product_cat":[61],"product_tag":[23,22],"class_list":{"0":"post-790","1":"product","2":"type-product","3":"status-publish","4":"has-post-thumbnail","6":"product_cat-linea-garage-industry","7":"product_tag-liquido","8":"product_tag-monocomponente","9":"pa_formato-5-kg","11":"first","12":"instock","13":"shipping-taxable","14":"product-type-simple"},"_links":{"self":[{"href":"https:\/\/www.aichemchemical.es\/it\/wp-json\/wp\/v2\/product\/790","targetHints":{"allow":["GET"]}}],"collection":[{"href":"https:\/\/www.aichemchemical.es\/it\/wp-json\/wp\/v2\/product"}],"about":[{"href":"https:\/\/www.aichemchemical.es\/it\/wp-json\/wp\/v2\/types\/product"}],"wp:featuredmedia":[{"embeddable":true,"href":"https:\/\/www.aichemchemical.es\/it\/wp-json\/wp\/v2\/media\/792"}],"wp:attachment":[{"href":"https:\/\/www.aichemchemical.es\/it\/wp-json\/wp\/v2\/media?parent=790"}],"wp:term":[{"taxonomy":"product_brand","embeddable":true,"href":"https:\/\/www.aichemchemical.es\/it\/wp-json\/wp\/v2\/product_brand?post=790"},{"taxonomy":"product_cat","embeddable":true,"href":"https:\/\/www.aichemchemical.es\/it\/wp-json\/wp\/v2\/product_cat?post=790"},{"taxonomy":"product_tag","embeddable":true,"href":"https:\/\/www.aichemchemical.es\/it\/wp-json\/wp\/v2\/product_tag?post=790"}],"curies":[{"name":"wp","href":"https:\/\/api.w.org\/{rel}","templated":true}]}}