{"id":776,"date":"2026-03-08T00:26:53","date_gmt":"2026-03-07T23:26:53","guid":{"rendered":"https:\/\/www.aichemchemical.es\/product\/disossidante\/"},"modified":"2026-03-08T00:27:05","modified_gmt":"2026-03-07T23:27:05","slug":"disossidante","status":"publish","type":"product","link":"https:\/\/www.aichemchemical.es\/it\/product\/disossidante\/","title":{"rendered":"disossidante"},"content":{"rendered":"<p>2401 \/ <span style=\"vertical-align: inherit;\">EAN: 0<\/span><\/p>\n<p><span style=\"vertical-align: inherit;\"><span style=\"vertical-align: inherit;\">OXIFIX es un desincrustante industrial pensado para trabajos serios de limpieza cuando un limpiador convencional no llega.<\/p>\n<p>Su f\u00f3rmula combina:<\/p>\n<p>mezcla de \u00e1cidos org\u00e1nicos e inorg\u00e1nicos,<\/p>\n<p>tensioactivos (ayudan a despegar y arrastrar la suciedad),<\/p>\n<p>e inhibidores de corrosi\u00f3n para controlar el ataque sobre el metal durante el proceso (uso correcto).<\/p>\n<p>Se puede utilizar para limpiar piezas con \u00f3xido y tambi\u00e9n es especialmente eficaz en manchas resistentes a los detergentes habituales.<\/p>\n<p>Ventajas principales<\/p>\n<p>Desincrustante industrial para \u00f3xido.<\/p>\n<p>Act\u00faa sobre suciedad muy incrustada.<\/p>\n<p>Con inhibidores de corrosi\u00f3n.<\/p>\n<p>Eficaz en manchas que no salen con detergentes normales.<\/p>\n<p>Caracter\u00edsticas (Informaci\u00f3n adicional)<\/p>\n<p>Tipo: Desincrustante industrial \/ limpiador anti\u00f3xido<\/p>\n<p>Composici\u00f3n: \u00e1cidos org\u00e1nicos e inorg\u00e1nicos + tensioactivos + inhibidores de corrosi\u00f3n<\/p>\n<p>Uso: limpieza de piezas oxidadas y manchas resistentes<\/p>\n<p>Modo de empleo (gen\u00e9rico y seguro)<\/p>\n<p>Aplicar siguiendo las indicaciones de la etiqueta\/ficha t\u00e9cnica. Dejar actuar el tiempo recomendado, ayudar con cepillo si procede y aclarar abundantemente. Probar antes en una zona poco visible.<\/p>\n<p>Precauciones (importante)<\/p>\n<p>Producto \u00e1cido: usar guantes y protecci\u00f3n ocular, trabajar en zona ventilada. Evitar contacto con piel\/ojos y con superficies no compatibles. Mantener fuera del alcance de ni\u00f1os.<\/span><\/span><\/p>\n<h3>C\u00f3digo UFI: 5565-d515-a1515-e10145<\/h3>\n<p>&nbsp;<\/p>\n<table style='width: 100%; border: 1px solid #666; border-collapse: collapse;'>\n<tr>\n<td style='text-align: center; border: 1px solid #666;'><img decoding=\"async\" src=\"https:\/\/www.aichemchemical.es\/wp-content\/uploads\/2024\/08\/IconoPalet.png\" alt=\"Icono Palet\" style='width: 80px; height: 80px;' \/><\/td>\n<td","protected":false},"excerpt":{"rendered":"<p>Desincrustante industrial formulado con \u00e1cidos org\u00e1nicos e inorg\u00e1nicos, tensioactivos e inhibidores de corrosi\u00f3n. \u00datil para limpiar piezas con \u00f3xido y para manchas muy resistentes que no salen con detergentes normales.<\/p>","protected":false},"featured_media":778,"template":"","meta":{"_et_pb_use_builder":"","_et_pb_old_content":"","_et_gb_content_width":""},"product_brand":[],"product_cat":[61],"product_tag":[23,22],"class_list":{"0":"post-776","1":"product","2":"type-product","3":"status-publish","4":"has-post-thumbnail","6":"product_cat-linea-garage-industry","7":"product_tag-liquido","8":"product_tag-monocomponente","9":"pa_formato-10-kg","10":"pa_formato-25-kg","11":"pa_formato-5-kg","13":"first","14":"instock","15":"shipping-taxable","16":"product-type-variable"},"_links":{"self":[{"href":"https:\/\/www.aichemchemical.es\/it\/wp-json\/wp\/v2\/product\/776","targetHints":{"allow":["GET"]}}],"collection":[{"href":"https:\/\/www.aichemchemical.es\/it\/wp-json\/wp\/v2\/product"}],"about":[{"href":"https:\/\/www.aichemchemical.es\/it\/wp-json\/wp\/v2\/types\/product"}],"wp:featuredmedia":[{"embeddable":true,"href":"https:\/\/www.aichemchemical.es\/it\/wp-json\/wp\/v2\/media\/778"}],"wp:attachment":[{"href":"https:\/\/www.aichemchemical.es\/it\/wp-json\/wp\/v2\/media?parent=776"}],"wp:term":[{"taxonomy":"product_brand","embeddable":true,"href":"https:\/\/www.aichemchemical.es\/it\/wp-json\/wp\/v2\/product_brand?post=776"},{"taxonomy":"product_cat","embeddable":true,"href":"https:\/\/www.aichemchemical.es\/it\/wp-json\/wp\/v2\/product_cat?post=776"},{"taxonomy":"product_tag","embeddable":true,"href":"https:\/\/www.aichemchemical.es\/it\/wp-json\/wp\/v2\/product_tag?post=776"}],"curies":[{"name":"wp","href":"https:\/\/api.w.org\/{rel}","templated":true}]}}