{"id":763,"date":"2026-03-08T00:26:32","date_gmt":"2026-03-07T23:26:32","guid":{"rendered":"https:\/\/www.aichemchemical.es\/product\/detergente-per-vetri\/"},"modified":"2026-03-08T00:26:45","modified_gmt":"2026-03-07T23:26:45","slug":"detergente-per-vetri","status":"publish","type":"product","link":"https:\/\/www.aichemchemical.es\/it\/product\/detergente-per-vetri\/","title":{"rendered":"Detergente per vetri"},"content":{"rendered":"<p>907 \/ <span style=\"vertical-align: inherit;\">EAN: 0<\/span><\/p>\n<p><span style=\"vertical-align: inherit;\"><span style=\"vertical-align: inherit;\">GLASS -60\u00b0 es un detergente anticongelante concentrado para el sistema lavaparabrisas, con doble funci\u00f3n: limpieza potente y rendimiento en fr\u00edo, adem\u00e1s de acci\u00f3n lavamoscerini\/quitainsectos.<\/p>\n<p>Est\u00e1 formulado para eliminar suciedad del parabrisas con gran facilidad, ayudando a mantener una visi\u00f3n clara incluso en condiciones exigentes. Incorpora acci\u00f3n antical, para reducir dep\u00f3sitos que dejan marcas, y usado correctamente no deja aloni\/halos ni da\u00f1a las guarniciones.<\/p>\n<p>Adem\u00e1s, mejora la scorrevolezza (deslizamiento) de los limpiaparabrisas, lo que se traduce en un barrido m\u00e1s suave y mejor visibilidad.<\/p>\n<p>Ventajas principales<\/p>\n<p>Anticongelante concentrado (hasta -60\u00b0 seg\u00fan versi\u00f3n\/uso).<\/p>\n<p>Acci\u00f3n quitainsectos para cristales.<\/p>\n<p>Antical: ayuda a reducir dep\u00f3sitos.<\/p>\n<p>Sin halos (uso correcto).<\/p>\n<p>No ataca juntas\/guarniciones (uso correcto).<\/p>\n<p>Mejora el deslizamiento de los limpiaparabrisas ? visibilidad \u00f3ptima.<\/p>\n<p>Caracter\u00edsticas (Informaci\u00f3n adicional)<\/p>\n<p>Tipo: Lavaparabrisas \/ lavacristales para dep\u00f3sito<\/p>\n<p>Propiedad: anticongelante (concentrado)<\/p>\n<p>Acci\u00f3n: limpieza + quitainsectos + antical<\/p>\n<p>Acabado: no deja halos (uso correcto)<\/p>\n<p>Compatibilidad: no da\u00f1a guarniciones (uso correcto)<\/p>\n<p>Beneficio: mejora el deslizamiento del limpiaparabrisas<\/p>\n<p>Modo de empleo (gen\u00e9rico y seguro)<\/p>\n<p>A\u00f1adir al dep\u00f3sito del lavaparabrisas siguiendo la dosificaci\u00f3n recomendada en la etiqueta (concentrado = puede requerir diluci\u00f3n seg\u00fan temperatura). No mezclar si no se confirma compatibilidad con el l\u00edquido existente.<\/span><\/span><\/p>\n<h3>C\u00f3digo UFI: 5565-d515-a1515-e10139<\/h3>\n<p>&nbsp;<\/p>\n<table style='width: 100%; border: 1px solid #666; border-collapse: collapse;'>\n<tr>\n<td style='text-align: center; border: 1px solid #666;'><img decoding=\"async\" src=\"https:\/\/www.aichemchemical.es\/wp-content\/uploads\/2024\/08\/IconoPalet.png\" alt=\"Icono Palet\" style='width: 80px; height: 80px;' \/><\/td>\n<td","protected":false},"excerpt":{"rendered":"<p>Lavaparabrisas anticongelante concentrado con acci\u00f3n quitainsectos para cristales. Limpia el parabrisas con facilidad, es antical, no deja halos y no da\u00f1a juntas\/guarniciones (uso correcto). Mejora el deslizamiento de los limpiaparabrisas para una visibilidad \u00f3ptima.<\/p>","protected":false},"featured_media":765,"template":"","meta":{"_et_pb_use_builder":"","_et_pb_old_content":"","_et_gb_content_width":""},"product_brand":[],"product_cat":[61],"product_tag":[23,22],"class_list":{"0":"post-763","1":"product","2":"type-product","3":"status-publish","4":"has-post-thumbnail","6":"product_cat-linea-garage-industry","7":"product_tag-liquido","8":"product_tag-monocomponente","9":"pa_formato-10-lt","10":"pa_formato-25-lt","11":"pa_formato-5-lt","13":"first","14":"instock","15":"shipping-taxable","16":"product-type-variable"},"_links":{"self":[{"href":"https:\/\/www.aichemchemical.es\/it\/wp-json\/wp\/v2\/product\/763","targetHints":{"allow":["GET"]}}],"collection":[{"href":"https:\/\/www.aichemchemical.es\/it\/wp-json\/wp\/v2\/product"}],"about":[{"href":"https:\/\/www.aichemchemical.es\/it\/wp-json\/wp\/v2\/types\/product"}],"wp:featuredmedia":[{"embeddable":true,"href":"https:\/\/www.aichemchemical.es\/it\/wp-json\/wp\/v2\/media\/765"}],"wp:attachment":[{"href":"https:\/\/www.aichemchemical.es\/it\/wp-json\/wp\/v2\/media?parent=763"}],"wp:term":[{"taxonomy":"product_brand","embeddable":true,"href":"https:\/\/www.aichemchemical.es\/it\/wp-json\/wp\/v2\/product_brand?post=763"},{"taxonomy":"product_cat","embeddable":true,"href":"https:\/\/www.aichemchemical.es\/it\/wp-json\/wp\/v2\/product_cat?post=763"},{"taxonomy":"product_tag","embeddable":true,"href":"https:\/\/www.aichemchemical.es\/it\/wp-json\/wp\/v2\/product_tag?post=763"}],"curies":[{"name":"wp","href":"https:\/\/api.w.org\/{rel}","templated":true}]}}