{"id":720,"date":"2026-03-08T00:25:30","date_gmt":"2026-03-07T23:25:30","guid":{"rendered":"https:\/\/www.aichemchemical.es\/product\/sgrassatore-lavapezzi\/"},"modified":"2026-03-08T00:25:42","modified_gmt":"2026-03-07T23:25:42","slug":"sgrassatore-lavapezzi","status":"publish","type":"product","link":"https:\/\/www.aichemchemical.es\/it\/product\/sgrassatore-lavapezzi\/","title":{"rendered":"Sgrassatore Lavapezzi"},"content":{"rendered":"<p>2403 \/ <span style=\"vertical-align: inherit;\">EAN: 0<\/span><\/p>\n<p><span style=\"vertical-align: inherit;\"><span style=\"vertical-align: inherit;\">CLEAN PARTS es un desengrasante t\u00e9cnico formulado para la limpieza eficaz de piezas mec\u00e1nicas, pensado para trabajar en entornos profesionales con m\u00e1quinas lavapiezas.<\/p>\n<p>Est\u00e1 indicado para:<\/p>\n<p>m\u00e1quinas a spray (spruzzo),<\/p>\n<p>y m\u00e1quinas a batido \/ agitaci\u00f3n (sbattimento).<\/p>\n<p>Su gran ventaja es que no contiene disolventes y no es inflamable, lo que facilita su uso en taller. Adem\u00e1s, gracias a su elevado poder emulsionante, ayuda a desprender y arrastrar la suciedad t\u00edpica de mec\u00e1nica: aceites, grasas y residuos.<\/p>\n<p>Ventajas principales<\/p>\n<p>Especial para lavapiezas (spray o agitaci\u00f3n).<\/p>\n<p>Sin disolventes.<\/p>\n<p>No inflamable.<\/p>\n<p>Alto poder emulsionante.<\/p>\n<p>Elimina con facilidad aceite, grasa, etc.<\/p>\n<p>Caracter\u00edsticas (Informaci\u00f3n adicional)<\/p>\n<p>Tipo: Desengrasante para piezas mec\u00e1nicas<\/p>\n<p>Uso: m\u00e1quinas lavapiezas (spray \/ agitaci\u00f3n)<\/p>\n<p>Base: sin disolventes<\/p>\n<p>Seguridad: no inflamable<\/p>\n<p>Acci\u00f3n: emulsionante (aceites y grasas)<\/p>\n<p>Modo de empleo (gen\u00e9rico y seguro)<\/p>\n<p>Usar en m\u00e1quina lavapiezas seg\u00fan el procedimiento del equipo y la dosificaci\u00f3n recomendada en la etiqueta. Mantener la soluci\u00f3n en condiciones adecuadas y renovar seg\u00fan carga de suciedad.<\/span><\/span><\/p>\n<h3>C\u00f3digo UFI: 5565-d515-a1515-e10122<\/h3>\n<p>&nbsp;<\/p>\n<table style='width: 100%; border: 1px solid #666; border-collapse: collapse;'>\n<tr>\n<td style='text-align: center; border: 1px solid #666;'><img decoding=\"async\" src=\"https:\/\/www.aichemchemical.es\/wp-content\/uploads\/2024\/08\/IconoPalet.png\" alt=\"Icono Palet\" style='width: 80px; height: 80px;' \/><\/td>\n<td","protected":false},"excerpt":{"rendered":"<p>Desengrasante para la limpieza de piezas mec\u00e1nicas, espec\u00edfico para uso en m\u00e1quinas de lavado por spray o a batido\/agitaci\u00f3n. Sin disolventes y no inflamable. Su alto poder emulsionante elimina f\u00e1cilmente aceite, grasa, etc.<\/p>","protected":false},"featured_media":722,"template":"","meta":{"_et_pb_use_builder":"","_et_pb_old_content":"","_et_gb_content_width":""},"product_brand":[],"product_cat":[61],"product_tag":[23,22],"class_list":{"0":"post-720","1":"product","2":"type-product","3":"status-publish","4":"has-post-thumbnail","6":"product_cat-linea-garage-industry","7":"product_tag-liquido","8":"product_tag-monocomponente","9":"pa_formato-10-kg","10":"pa_formato-25-kg","11":"pa_formato-5-kg","13":"first","14":"instock","15":"shipping-taxable","16":"product-type-variable"},"_links":{"self":[{"href":"https:\/\/www.aichemchemical.es\/it\/wp-json\/wp\/v2\/product\/720","targetHints":{"allow":["GET"]}}],"collection":[{"href":"https:\/\/www.aichemchemical.es\/it\/wp-json\/wp\/v2\/product"}],"about":[{"href":"https:\/\/www.aichemchemical.es\/it\/wp-json\/wp\/v2\/types\/product"}],"wp:featuredmedia":[{"embeddable":true,"href":"https:\/\/www.aichemchemical.es\/it\/wp-json\/wp\/v2\/media\/722"}],"wp:attachment":[{"href":"https:\/\/www.aichemchemical.es\/it\/wp-json\/wp\/v2\/media?parent=720"}],"wp:term":[{"taxonomy":"product_brand","embeddable":true,"href":"https:\/\/www.aichemchemical.es\/it\/wp-json\/wp\/v2\/product_brand?post=720"},{"taxonomy":"product_cat","embeddable":true,"href":"https:\/\/www.aichemchemical.es\/it\/wp-json\/wp\/v2\/product_cat?post=720"},{"taxonomy":"product_tag","embeddable":true,"href":"https:\/\/www.aichemchemical.es\/it\/wp-json\/wp\/v2\/product_tag?post=720"}],"curies":[{"name":"wp","href":"https:\/\/api.w.org\/{rel}","templated":true}]}}