{"id":674,"date":"2026-03-08T00:23:38","date_gmt":"2026-03-07T23:23:38","guid":{"rendered":"https:\/\/www.aichemchemical.es\/product\/rinnova-fascionie-plastiche-senza-silicone\/"},"modified":"2026-03-08T00:23:48","modified_gmt":"2026-03-07T23:23:48","slug":"rinnova-fascionie-plastiche-senza-silicone","status":"publish","type":"product","link":"https:\/\/www.aichemchemical.es\/it\/product\/rinnova-fascionie-plastiche-senza-silicone\/","title":{"rendered":"Rinnova fascionie plastiche senza silicone"},"content":{"rendered":"<p>2426 \/ <span style=\"vertical-align: inherit;\">EAN: 0<\/span><\/p>\n<p><span style=\"vertical-align: inherit;\"><span style=\"vertical-align: inherit;\">PLASTIC CLEAN es un revividor profesional pensado para recuperar el buen aspecto de los pl\u00e1sticos exteriores no pintados, especialmente molduras y parachoques.<\/p>\n<p>Ayuda a proteger la superficie y a mejorar el acabado visual sin dejar residuos t\u00edpicos de siliconas, ya que no contiene silicona. Adem\u00e1s, su funci\u00f3n antiest\u00e1tica ayuda a reducir la adhesi\u00f3n de polvo y su formulaci\u00f3n est\u00e1 pensada para no manchar las superficies con las que entra en contacto cuando se aplica correctamente.<\/p>\n<p>Ventajas principales<\/p>\n<p>Especial para pl\u00e1stico exterior no pintado.<\/p>\n<p>Abrillanta y protege molduras y parachoques.<\/p>\n<p>Funci\u00f3n antiest\u00e1tica (menos polvo).<\/p>\n<p>No mancha (uso correcto).<\/p>\n<p>Sin silicona.<\/p>\n<p>Caracter\u00edsticas (Informaci\u00f3n adicional)<\/p>\n<p>Tipo: Revividor \/ protector de pl\u00e1sticos exteriores<\/p>\n<p>Superficies: molduras y parachoques de pl\u00e1stico no pintado<\/p>\n<p>Propiedades: antiest\u00e1tico, no mancha (uso correcto)<\/p>\n<p>Libre de: silicona<\/p>\n<p>Modo de empleo<\/p>\n<p>Aplicar sobre la superficie limpia y seca usando un aplicador o pa\u00f1o. Extender de forma uniforme y retirar exceso con microfibra si es necesario. Evitar aplicar sobre zonas donde pueda reducir el agarre (volante, pedales) si se usa en interiores.<\/span><\/span><\/p>\n<h3>C\u00f3digo UFI: 5565-d515-a1515-e10097<\/h3>\n<p>&nbsp;<\/p>\n<table style='width: 100%; border: 1px solid #666; border-collapse: collapse;'>\n<tr>\n<td style='text-align: center; border: 1px solid #666;'><img decoding=\"async\" src=\"https:\/\/www.aichemchemical.es\/wp-content\/uploads\/2024\/08\/IconoPalet.png\" alt=\"Icono Palet\" style='width: 80px; height: 80px;' \/><\/td>\n<td","protected":false},"excerpt":{"rendered":"<p>Producto profesional para abrillantar y proteger molduras (fascioni) y parachoques de pl\u00e1stico no pintado. Efecto antiest\u00e1tico, no mancha (uso correcto) y sin silicona.<\/p>","protected":false},"featured_media":676,"template":"","meta":{"_et_pb_use_builder":"","_et_pb_old_content":"","_et_gb_content_width":""},"product_brand":[],"product_cat":[60],"product_tag":[23,22],"class_list":{"0":"post-674","1":"product","2":"type-product","3":"status-publish","4":"has-post-thumbnail","6":"product_cat-esterni-auto","7":"product_tag-liquido","8":"product_tag-monocomponente","9":"pa_formato-10-kg","10":"pa_formato-25-kg","11":"pa_formato-5-kg","13":"first","14":"instock","15":"shipping-taxable","16":"product-type-variable"},"_links":{"self":[{"href":"https:\/\/www.aichemchemical.es\/it\/wp-json\/wp\/v2\/product\/674","targetHints":{"allow":["GET"]}}],"collection":[{"href":"https:\/\/www.aichemchemical.es\/it\/wp-json\/wp\/v2\/product"}],"about":[{"href":"https:\/\/www.aichemchemical.es\/it\/wp-json\/wp\/v2\/types\/product"}],"wp:featuredmedia":[{"embeddable":true,"href":"https:\/\/www.aichemchemical.es\/it\/wp-json\/wp\/v2\/media\/676"}],"wp:attachment":[{"href":"https:\/\/www.aichemchemical.es\/it\/wp-json\/wp\/v2\/media?parent=674"}],"wp:term":[{"taxonomy":"product_brand","embeddable":true,"href":"https:\/\/www.aichemchemical.es\/it\/wp-json\/wp\/v2\/product_brand?post=674"},{"taxonomy":"product_cat","embeddable":true,"href":"https:\/\/www.aichemchemical.es\/it\/wp-json\/wp\/v2\/product_cat?post=674"},{"taxonomy":"product_tag","embeddable":true,"href":"https:\/\/www.aichemchemical.es\/it\/wp-json\/wp\/v2\/product_tag?post=674"}],"curies":[{"name":"wp","href":"https:\/\/api.w.org\/{rel}","templated":true}]}}