{"id":611,"date":"2026-03-08T00:22:13","date_gmt":"2026-03-07T23:22:13","guid":{"rendered":"https:\/\/www.aichemchemical.es\/product\/cera-per-piste-e-portali-profumata\/"},"modified":"2026-03-08T00:22:22","modified_gmt":"2026-03-07T23:22:22","slug":"cera-per-piste-e-portali-profumata","status":"publish","type":"product","link":"https:\/\/www.aichemchemical.es\/it\/product\/cera-per-piste-e-portali-profumata\/","title":{"rendered":"Cera per Piste e portali profumata"},"content":{"rendered":"<p>2376 \/ <span style=\"vertical-align: inherit;\">EAN: 0<\/span><\/p>\n<p><span style=\"vertical-align: inherit;\"><span style=\"vertical-align: inherit;\">DRY SYSTEM L es una cera autosecante para veh\u00edculos de nueva formulaci\u00f3n, desarrollada para mejorar el acabado final del lavado con un enfoque claro: resultados \u00f3ptimos usando muy poco producto (m\u00e1xima resa con dosificaci\u00f3n reducida). <\/p>\n<p>Est\u00e1 indicada tanto para:<br \/>\nLavado manual (como fase final).<br \/>\nLavado autom\u00e1tico CAR WASH con asciugatura ad aria (secado por aire), donde ayuda al escurrido y mejora la uniformidad del secado.<br \/>\nAdem\u00e1s, deja un agradable perfume a cereza, mejorando la sensaci\u00f3n final del servicio.<\/p>\n<p>Ventajas (etiqueta)<br \/>\nNueva formulaci\u00f3n<br \/>\nM\u00e1xima eficacia con dosificaci\u00f3n reducida<br \/>\nResultados \u00f3ptimos con dosis muy bajas<br \/>\nApta para manual y autom\u00e1tico con secado por aire <\/p>\n<p>Modo de empleo y dosificaci\u00f3n (etiqueta)<\/p>\n<p>Lavado manual<br \/>\nAplicar una soluci\u00f3n entre 0,2% y 1%.<\/p>\n<p>Lavado autom\u00e1tico (CAR WASH)<br \/>\nUsar entre 3 y 10 ml por veh\u00edculo. Se recomienda hacer pruebas para ajustar la dosis.<br \/>\nEn sistemas de aspiraci\u00f3n: regular a 30\u201335 impulsos.<br \/>\nPara un secado correcto: cubrir la superficie de forma homog\u00e9nea con la soluci\u00f3n cera\/agua, del techo hacia abajo.<\/span><\/span><\/p>\n<h3>Ingredientes<\/h3>\n<p>Contiene: 2-butoxietanol, esterquat.<\/p>\n<p><img decoding=\"async\" src=\"https:\/\/www.aichemchemical.es\/wp-content\/uploads\/2024\/07\/Exclamacion.png\" alt=\"Exclamaci\u00f3n\" \/><\/p>\n<h3>C\u00f3digo UFI: 5565-d515-a1515-e10067<\/h3>\n<h3>Frases de Seguridad<\/h3>\n<p>ATENCI\u00d3N: Provoca irritaci\u00f3n cut\u00e1nea. Provoca grave irritaci\u00f3n ocular.<br \/>\nUsar guantes\/indumentaria protectora y proteger ojos\/cara.<br \/>\nSi la irritaci\u00f3n ocular persiste, consultar a un m\u00e9dico.<\/p>\n<p>&nbsp;<\/p>\n<table style='width: 100%; border: 1px solid #666; border-collapse: collapse;'>\n<tr>\n<td style='text-align: center; border: 1px solid #666;'><img decoding=\"async\" src=\"https:\/\/www.aichemchemical.es\/wp-content\/uploads\/2024\/08\/IconoPalet.png\" alt=\"Icono Palet\" style='width: 80px; height: 80px;' \/><\/td>\n<td style='text-align: center;><h3>Cantidad por Palet: 120<\/h3><\/td><\/tr><\/table><p>&nbsp;<\/p><table style='width: 100%; border: 1px solid #666; border-collapse: collapse;'>\n<th style='border: 1px solid #666;'>\n<h3>Etiquetas<\/h3>\n<\/th>\n<td style='text-align: center; border: 1px solid #666;'><a href=\"https:\/\/aichemchemical.es\/foto\/etiquetas\/2376-ita.pdf\"><img decoding=\"async\" src=\"https:\/\/www.aichemchemical.es\/wp-content\/uploads\/2024\/08\/ita-e1723759678618.png\" alt=\"ita\" style='width: 40px; height: 40px;' target='_blank'\/><br \/>ita<\/a><\/td>\n<\/tr>\n<\/table>\n<p>&nbsp;<\/p>","protected":false},"excerpt":{"rendered":"<p>Cera autoasciugante de nueva formulaci\u00f3n para veh\u00edculos, con m\u00e1xima eficacia con dosificaci\u00f3n reducida. Indicada para lavado manual o instalaciones autom\u00e1ticas con secado por aire. Perfume a cereza.<\/p>","protected":false},"featured_media":613,"template":"","meta":{"_et_pb_use_builder":"","_et_pb_old_content":"","_et_gb_content_width":""},"product_brand":[],"product_cat":[56],"product_tag":[23,22],"class_list":{"0":"post-611","1":"product","2":"type-product","3":"status-publish","4":"has-post-thumbnail","6":"product_cat-cere-e-protettivi","7":"product_tag-liquido","8":"product_tag-monocomponente","9":"pa_formato-10-lt","10":"pa_formato-25-lt","11":"pa_formato-5-lt","13":"first","14":"instock","15":"shipping-taxable","16":"product-type-variable"},"_links":{"self":[{"href":"https:\/\/www.aichemchemical.es\/it\/wp-json\/wp\/v2\/product\/611","targetHints":{"allow":["GET"]}}],"collection":[{"href":"https:\/\/www.aichemchemical.es\/it\/wp-json\/wp\/v2\/product"}],"about":[{"href":"https:\/\/www.aichemchemical.es\/it\/wp-json\/wp\/v2\/types\/product"}],"wp:featuredmedia":[{"embeddable":true,"href":"https:\/\/www.aichemchemical.es\/it\/wp-json\/wp\/v2\/media\/613"}],"wp:attachment":[{"href":"https:\/\/www.aichemchemical.es\/it\/wp-json\/wp\/v2\/media?parent=611"}],"wp:term":[{"taxonomy":"product_brand","embeddable":true,"href":"https:\/\/www.aichemchemical.es\/it\/wp-json\/wp\/v2\/product_brand?post=611"},{"taxonomy":"product_cat","embeddable":true,"href":"https:\/\/www.aichemchemical.es\/it\/wp-json\/wp\/v2\/product_cat?post=611"},{"taxonomy":"product_tag","embeddable":true,"href":"https:\/\/www.aichemchemical.es\/it\/wp-json\/wp\/v2\/product_tag?post=611"}],"curies":[{"name":"wp","href":"https:\/\/api.w.org\/{rel}","templated":true}]}}