{"id":604,"date":"2026-03-08T00:22:04","date_gmt":"2026-03-07T23:22:04","guid":{"rendered":"https:\/\/www.aichemchemical.es\/product\/cera-per-lavaggio-manuale-e-automatico\/"},"modified":"2026-03-08T00:22:14","modified_gmt":"2026-03-07T23:22:14","slug":"cera-per-lavaggio-manuale-e-automatico","status":"publish","type":"product","link":"https:\/\/www.aichemchemical.es\/it\/product\/cera-per-lavaggio-manuale-e-automatico\/","title":{"rendered":"Cera per Lavaggio Manuale e Automatico"},"content":{"rendered":"<p>31 \/ <span style=\"vertical-align: inherit;\">EAN: 0<\/span><\/p>\n<p><span style=\"vertical-align: inherit;\"><span style=\"vertical-align: inherit;\">DRY SYSTEM es una cera autosecante para veh\u00edculos dise\u00f1ada para mejorar el acabado final del lavado, favoreciendo el escurrido y la uniformidad del secado cuando se aplica correctamente.<\/p>\n<p>Su nueva formulaci\u00f3n permite trabajar con dosis muy bajas manteniendo un resultado constante, lo que la hace ideal para centros de lavado y programas autom\u00e1ticos con asciugatura ad aria (secado por aire), y tambi\u00e9n para lavado manual.<\/p>\n<p>Ventajas<br \/>\nNueva formulaci\u00f3n<br \/>\nM\u00e1ximo rendimiento con dosificaci\u00f3n reducida<br \/>\nResultados \u00f3ptimos con dosis muy bajas<br \/>\nApta para lavado manual y lavado autom\u00e1tico (car wash)<\/p>\n<p>Modo de empleo y dosificaci\u00f3n (etiqueta)<br \/>\nLavado manual<br \/>\nAplicar una soluci\u00f3n entre 0,2% y 1%.<\/p>\n<p>Lavado autom\u00e1tico (CAR WASH)<br \/>\nUsar entre 3 y 10 ml por veh\u00edculo.<br \/>\nSe recomienda realizar pruebas para ajustar la dosis apropiada.<br \/>\nEn sistemas de aspiraci\u00f3n: regular a 30\u201335 impulsos.<br \/>\nPara un secado adecuado: cubrir toda la superficie de forma homog\u00e9nea con la soluci\u00f3n cera\/agua, del techo hacia abajo.<\/span><\/span><\/p>\n<h3>Ingredientes<\/h3>\n<p>Contiene: 2-butoxietanol, esterquat.<\/p>\n<p><img decoding=\"async\" src=\"https:\/\/www.aichemchemical.es\/wp-content\/uploads\/2024\/07\/Exclamacion.png\" alt=\"Exclamaci\u00f3n\" \/><\/p>\n<h3>C\u00f3digo UFI: 5565-d515-a1515-e10064<\/h3>\n<h3>Frases de Seguridad<\/h3>\n<p>ATENCI\u00d3N:<br \/>\nProvoca irritaci\u00f3n cut\u00e1nea.<br \/>\nProvoca grave irritaci\u00f3n ocular.<br \/>\nUsar guantes\/ropa de protecci\u00f3n y proteger ojos\/cara.<br \/>\nSi la irritaci\u00f3n ocular persiste, consultar a un m\u00e9dico.<\/p>\n<p>&nbsp;<\/p>\n<table style='width: 100%; border: 1px solid #666; border-collapse: collapse;'>\n<tr>\n<td style='text-align: center; border: 1px solid #666;'><img decoding=\"async\" src=\"https:\/\/www.aichemchemical.es\/wp-content\/uploads\/2024\/08\/IconoPalet.png\" alt=\"Icono Palet\" style='width: 80px; height: 80px;' \/><\/td>\n<td style='text-align: center;><h3>Cantidad por Palet: 120<\/h3><\/td><\/tr><\/table><p>&nbsp;<\/p><table style='width: 100%; border: 1px solid #666; border-collapse: collapse;'>\n<th style='border: 1px solid #666;'>\n<h3>Etiquetas<\/h3>\n<\/th>\n<td style='text-align: center; border: 1px solid #666;'><a href=\"https:\/\/aichemchemical.es\/foto\/etiquetas\/31-ita.pdf\"><img decoding=\"async\" src=\"https:\/\/www.aichemchemical.es\/wp-content\/uploads\/2024\/08\/ita-e1723759678618.png\" alt=\"ita\" style='width: 40px; height: 40px;' target='_blank'\/><br \/>ita<\/a><\/td>\n<\/tr>\n<\/table>\n<p>&nbsp;<\/p>","protected":false},"excerpt":{"rendered":"<p>Cera autoasciugante (autosecante) de nueva formulaci\u00f3n, pensada para lavado manual y instalaciones autom\u00e1ticas con secado por aire. M\u00e1ximo rendimiento con dosificaci\u00f3n reducida y resultados \u00f3ptimos con dosis muy bajas.<\/p>","protected":false},"featured_media":606,"template":"","meta":{"_et_pb_use_builder":"","_et_pb_old_content":"","_et_gb_content_width":""},"product_brand":[],"product_cat":[56],"product_tag":[23,22],"class_list":{"0":"post-604","1":"product","2":"type-product","3":"status-publish","4":"has-post-thumbnail","6":"product_cat-cere-e-protettivi","7":"product_tag-liquido","8":"product_tag-monocomponente","9":"pa_formato-10-lt","10":"pa_formato-25-lt","11":"pa_formato-5-lt","13":"first","14":"instock","15":"shipping-taxable","16":"product-type-variable"},"_links":{"self":[{"href":"https:\/\/www.aichemchemical.es\/it\/wp-json\/wp\/v2\/product\/604","targetHints":{"allow":["GET"]}}],"collection":[{"href":"https:\/\/www.aichemchemical.es\/it\/wp-json\/wp\/v2\/product"}],"about":[{"href":"https:\/\/www.aichemchemical.es\/it\/wp-json\/wp\/v2\/types\/product"}],"wp:featuredmedia":[{"embeddable":true,"href":"https:\/\/www.aichemchemical.es\/it\/wp-json\/wp\/v2\/media\/606"}],"wp:attachment":[{"href":"https:\/\/www.aichemchemical.es\/it\/wp-json\/wp\/v2\/media?parent=604"}],"wp:term":[{"taxonomy":"product_brand","embeddable":true,"href":"https:\/\/www.aichemchemical.es\/it\/wp-json\/wp\/v2\/product_brand?post=604"},{"taxonomy":"product_cat","embeddable":true,"href":"https:\/\/www.aichemchemical.es\/it\/wp-json\/wp\/v2\/product_cat?post=604"},{"taxonomy":"product_tag","embeddable":true,"href":"https:\/\/www.aichemchemical.es\/it\/wp-json\/wp\/v2\/product_tag?post=604"}],"curies":[{"name":"wp","href":"https:\/\/api.w.org\/{rel}","templated":true}]}}