{"id":590,"date":"2026-03-08T00:21:46","date_gmt":"2026-03-07T23:21:46","guid":{"rendered":"https:\/\/www.aichemchemical.es\/product\/lavacerchi-acido\/"},"modified":"2026-03-08T00:21:55","modified_gmt":"2026-03-07T23:21:55","slug":"lavacerchi-acido","status":"publish","type":"product","link":"https:\/\/www.aichemchemical.es\/it\/product\/lavacerchi-acido\/","title":{"rendered":"lavacerchi acido"},"content":{"rendered":"<p>2209 \/ <span style=\"vertical-align: inherit;\">EAN: 0<\/span><\/p>\n<p><span style=\"vertical-align: inherit;\"><span style=\"vertical-align: inherit;\">KLIN WHEEL ACID (SG Klin Wheel Acid) es un detergente \u00e1cido profesional para CAR WASH, formulado para la limpieza de llantas, incluyendo llantas de aleaci\u00f3n. Est\u00e1 pensado para atacar la suciedad pesada t\u00edpica de la rueda: grasa, residuos carbonosos y barro, dejando la superficie m\u00e1s limpia con menos esfuerzo. <\/p>\n<p>Qu\u00e9 hace<br \/>\nLimpia neum\u00e1ticos\/ruedas de cualquier tipo.<br \/>\nAyuda a retirar grasa y residuos \u201csin fatiga\u201d.<br \/>\nBiodegradabilidad declarada: 90%.<\/p>\n<p>Modo de empleo (etiqueta)<br \/>\nDiluir con 15% de agua.<br \/>\nPulverizar uniformemente, dejar actuar unos instantes y aclarar.<br \/>\nSe pueden usar otras diluciones seg\u00fan el tipo de suciedad,<\/span><\/span><\/p>\n<h3>Ingredientes<\/h3>\n<p>Contiene: alcohol C10\u201312 etoxilados, \u00e1cido fosf\u00f3rico 75%, \u00e1cido sulf\u00farico, \u00e1cido fluorh\u00eddrico.<\/p>\n<p><img decoding=\"async\" src=\"https:\/\/www.aichemchemical.es\/wp-content\/uploads\/2024\/07\/Acido.png\" alt=\"\u00c1cido\" \/><img decoding=\"async\" src=\"https:\/\/www.aichemchemical.es\/wp-content\/uploads\/2024\/07\/Exclamacion.png\" alt=\"Exclamaci\u00f3n\" \/><\/p>\n<h3>C\u00f3digo UFI: 5565-d515-a1515-e10058<\/h3>\n<h3>Frases de Seguridad<\/h3>\n<p>PELIGRO:<br \/>\nPuede ser corrosivo para los metales.<br \/>\nNocivo si se ingiere o en contacto con la piel.<br \/>\nProvoca irritaci\u00f3n cut\u00e1nea.<br \/>\nProvoca graves lesiones oculares.<br \/>\nMantener fuera del alcance de los ni\u00f1os.<br \/>\nEN CASO DE CONTACTO CON LOS OJOS: Aclarar cuidadosamente durante varios minutos. Quitar lentes de contacto si es posible. Continuar aclarando. Contactar inmediatamente con un m\u00e9dico o un CENTRO ANTIVELENENOS en caso de malestar.<br \/>\nEliminar el producto\/envase seg\u00fan normativa vigente.<br \/>\nTransporte: UN 1790.<\/p>\n<p>&nbsp;<\/p>\n<table style='width: 100%; border: 1px solid #666; border-collapse: collapse;'>\n<tr>\n<td style='text-align: center; border: 1px solid #666;'><img decoding=\"async\" src=\"https:\/\/www.aichemchemical.es\/wp-content\/uploads\/2024\/08\/IconoPalet.png\" alt=\"Icono Palet\" style='width: 80px; height: 80px;' \/><\/td>\n<td","protected":false},"excerpt":{"rendered":"<p>Limpiador \u00e1cido para llantas (tambi\u00e9n llantas de aleaci\u00f3n) y limpieza de rueda en general. Elimina suciedad, grasa, residuos carbonosos y barro con facilidad. Biodegradable al 90%.<\/p>","protected":false},"featured_media":592,"template":"","meta":{"_et_pb_use_builder":"","_et_pb_old_content":"","_et_gb_content_width":""},"product_brand":[],"product_cat":[54],"product_tag":[23,22],"class_list":{"0":"post-590","1":"product","2":"type-product","3":"status-publish","4":"has-post-thumbnail","6":"product_cat-gomme-e-cerchi","7":"product_tag-liquido","8":"product_tag-monocomponente","9":"pa_formato-10-kg","10":"pa_formato-25-kg","11":"pa_formato-5-kg","13":"first","14":"instock","15":"shipping-taxable","16":"product-type-variable"},"_links":{"self":[{"href":"https:\/\/www.aichemchemical.es\/it\/wp-json\/wp\/v2\/product\/590","targetHints":{"allow":["GET"]}}],"collection":[{"href":"https:\/\/www.aichemchemical.es\/it\/wp-json\/wp\/v2\/product"}],"about":[{"href":"https:\/\/www.aichemchemical.es\/it\/wp-json\/wp\/v2\/types\/product"}],"wp:featuredmedia":[{"embeddable":true,"href":"https:\/\/www.aichemchemical.es\/it\/wp-json\/wp\/v2\/media\/592"}],"wp:attachment":[{"href":"https:\/\/www.aichemchemical.es\/it\/wp-json\/wp\/v2\/media?parent=590"}],"wp:term":[{"taxonomy":"product_brand","embeddable":true,"href":"https:\/\/www.aichemchemical.es\/it\/wp-json\/wp\/v2\/product_brand?post=590"},{"taxonomy":"product_cat","embeddable":true,"href":"https:\/\/www.aichemchemical.es\/it\/wp-json\/wp\/v2\/product_cat?post=590"},{"taxonomy":"product_tag","embeddable":true,"href":"https:\/\/www.aichemchemical.es\/it\/wp-json\/wp\/v2\/product_tag?post=590"}],"curies":[{"name":"wp","href":"https:\/\/api.w.org\/{rel}","templated":true}]}}