{"id":583,"date":"2026-03-08T00:21:36","date_gmt":"2026-03-07T23:21:36","guid":{"rendered":"https:\/\/www.aichemchemical.es\/product\/lavacerchi-alcalino\/"},"modified":"2026-03-08T00:21:47","modified_gmt":"2026-03-07T23:21:47","slug":"lavacerchi-alcalino","status":"publish","type":"product","link":"https:\/\/www.aichemchemical.es\/it\/product\/lavacerchi-alcalino\/","title":{"rendered":"Lavacerchi Alcalino"},"content":{"rendered":"<p>2185 \/ <span style=\"vertical-align: inherit;\">EAN: 0<\/span><\/p>\n<p><span style=\"vertical-align: inherit;\"><span style=\"vertical-align: inherit;\">SG KLIN WHEEL es un detergente \u201clava cerchi\u201d de uso profesional para la limpieza de ruedas completas, incluyendo llantas de aleaci\u00f3n. Est\u00e1 pensado para quitar la suciedad t\u00edpica de la rueda con menos esfuerzo: grasa, barro, suciedad adherida y residuos carbonosos (por ejemplo, suciedad de tr\u00e1fico y restos incrustados). <\/p>\n<p>Adem\u00e1s, est\u00e1 formulado para no atacar la pintura ni las partes con las que entra en contacto cuando se utiliza correctamente, y ofrece una biodegradabilidad superior al 90%. <\/p>\n<p>Modo de empleo (etiqueta)<br \/>\nDiluir al 15% con agua.<br \/>\nPulverizar uniformemente, dejar actuar unos instantes.<br \/>\nPasar una esponja h\u00fameda y aclarar.<br \/>\nSe pueden usar otras diluciones seg\u00fan el nivel de suciedad.<\/span><\/span><\/p>\n<h3>Ingredientes<\/h3>\n<p>Contiene: alfaolefina sulfonada, alcohol C10\u201312 etoxilados, hidr\u00f3xido de sodio, 2-butoxietanol.<\/p>\n<p><img decoding=\"async\" src=\"https:\/\/www.aichemchemical.es\/wp-content\/uploads\/2024\/07\/Acido.png\" alt=\"\u00c1cido\" \/><\/p>\n<h3>C\u00f3digo UFI: 5565-d515-a1515-e10055<\/h3>\n<h3>Frases de Seguridad<\/h3>\n<p>PELIGRO: Provoca graves quemaduras cut\u00e1neas y graves lesiones oculares. No respirar los vapores. Usar guantes\/indumentaria protectora y proteger ojos\/cara.<br \/>\nEN CASO DE CONTACTO CON LA PIEL (o el cabello): quitar inmediatamente la ropa contaminada. Aclarar la piel\/ducharse.<br \/>\nEN CASO DE CONTACTO CON LOS OJOS: aclarar cuidadosamente durante varios minutos. Retirar lentes si es f\u00e1cil. Continuar aclarando. Contactar inmediatamente con un m\u00e9dico en caso de malestar.<br \/>\nEliminar el producto\/envase seg\u00fan normativa vigente.<br \/>\nTransporte: UN 1760.<\/p>\n<p>&nbsp;<\/p>\n<table style='width: 100%; border: 1px solid #666; border-collapse: collapse;'>\n<tr>\n<td style='text-align: center; border: 1px solid #666;'><img decoding=\"async\" src=\"https:\/\/www.aichemchemical.es\/wp-content\/uploads\/2024\/08\/IconoPalet.png\" alt=\"Icono Palet\" style='width: 80px; height: 80px;' \/><\/td>\n<td","protected":false},"excerpt":{"rendered":"<p>Limpiador profesional de llantas para todo tipo de ruedas, incluidas llantas de aleaci\u00f3n. Elimina suciedad, grasa, residuos carbonosos y barro, sin da\u00f1ar la pintura ni las piezas en contacto (uso correcto). Biodegradabilidad > 90%.<\/p>","protected":false},"featured_media":585,"template":"","meta":{"_et_pb_use_builder":"","_et_pb_old_content":"","_et_gb_content_width":""},"product_brand":[],"product_cat":[54],"product_tag":[23,22],"class_list":{"0":"post-583","1":"product","2":"type-product","3":"status-publish","4":"has-post-thumbnail","6":"product_cat-gomme-e-cerchi","7":"product_tag-liquido","8":"product_tag-monocomponente","9":"pa_formato-10-kg","10":"pa_formato-25-kg","11":"pa_formato-5-kg","13":"first","14":"instock","15":"shipping-taxable","16":"product-type-variable"},"_links":{"self":[{"href":"https:\/\/www.aichemchemical.es\/it\/wp-json\/wp\/v2\/product\/583","targetHints":{"allow":["GET"]}}],"collection":[{"href":"https:\/\/www.aichemchemical.es\/it\/wp-json\/wp\/v2\/product"}],"about":[{"href":"https:\/\/www.aichemchemical.es\/it\/wp-json\/wp\/v2\/types\/product"}],"wp:featuredmedia":[{"embeddable":true,"href":"https:\/\/www.aichemchemical.es\/it\/wp-json\/wp\/v2\/media\/585"}],"wp:attachment":[{"href":"https:\/\/www.aichemchemical.es\/it\/wp-json\/wp\/v2\/media?parent=583"}],"wp:term":[{"taxonomy":"product_brand","embeddable":true,"href":"https:\/\/www.aichemchemical.es\/it\/wp-json\/wp\/v2\/product_brand?post=583"},{"taxonomy":"product_cat","embeddable":true,"href":"https:\/\/www.aichemchemical.es\/it\/wp-json\/wp\/v2\/product_cat?post=583"},{"taxonomy":"product_tag","embeddable":true,"href":"https:\/\/www.aichemchemical.es\/it\/wp-json\/wp\/v2\/product_tag?post=583"}],"curies":[{"name":"wp","href":"https:\/\/api.w.org\/{rel}","templated":true}]}}