{"id":562,"date":"2026-03-08T00:20:53","date_gmt":"2026-03-07T23:20:53","guid":{"rendered":"https:\/\/www.aichemchemical.es\/product\/shampoo-per-lavaggio-manuale\/"},"modified":"2026-03-08T00:21:03","modified_gmt":"2026-03-07T23:21:03","slug":"shampoo-per-lavaggio-manuale","status":"publish","type":"product","link":"https:\/\/www.aichemchemical.es\/it\/product\/shampoo-per-lavaggio-manuale\/","title":{"rendered":"Shampoo per lavaggio manuale"},"content":{"rendered":"<p>2175 \/ <span style=\"vertical-align: inherit;\">EAN: 0<\/span><\/p>\n<p><span style=\"vertical-align: inherit;\"><span style=\"vertical-align: inherit;\">SHAMPOO CAR+ (Shampoo ad alta lucentezza) es un champ\u00fa profesional formulado para limpiar a fondo respetando la carrocer\u00eda: es neutro y apto para cualquier tipo de pintura\/barniz. Su f\u00f3rmula es muy concentrada, produce una espuma abundante y est\u00e1 pensada para trabajar tanto en instalaciones de CAR WASH como en uso manual.<\/p>\n<p>D\u00f3nde encaja mejor<br \/>\nSistemas self-service<br \/>\nLavado manual con esponja<br \/>\nCentros de lavado \/ car wash<\/p>\n<p>Ventajas<br \/>\nNeutro sobre todo tipo de pinturas<br \/>\nMuy concentrado y multiuso<br \/>\nEspuma abundante<br \/>\nEfecto brillantante (alto brillo)<\/p>\n<p>Modo de empleo (etiqueta)<br \/>\nProducto concentrado. Diluir entre el 1% y el 2%.<\/span><\/span><\/p>\n<h3>Ingredientes<\/h3>\n<p>Contiene: alcohol C10\u201312 etoxilados, alcohol C12\u201314 etoxilato sulfato (sal s\u00f3dica), mezcla de 5-cloro-2-metil-4-isotiazolin-3-ona y 2-metil-4-isotiazolin-3-ona (3:1).<br \/>\nSeg\u00fan Reg. (CE) 648\/2004: 5% &lt; 15% tensioactivos ani\u00f3nicos.<\/p>\n<p><img decoding=\"async\" src=\"https:\/\/www.aichemchemical.es\/wp-content\/uploads\/2024\/07\/Acido.png\" alt=\"\u00c1cido\" \/><img decoding=\"async\" src=\"https:\/\/www.aichemchemical.es\/wp-content\/uploads\/2024\/07\/Exclamacion.png\" alt=\"Exclamaci\u00f3n\" \/><\/p>\n<h3>C\u00f3digo UFI: 5565-d515-a1515-e10043<\/h3>\n<h3>Frases de Seguridad<\/h3>\n<p>PELIGRO: Provoca irritaci\u00f3n cut\u00e1nea. Puede provocar una reacci\u00f3n al\u00e9rgica cut\u00e1nea. Provoca graves lesiones oculares. Evitar respirar los vapores.<br \/>\nEN CASO DE CONTACTO CON LOS OJOS: Aclarar cuidadosamente durante varios minutos. Retirar lentes de contacto si es posible. Continuar aclarando. Contactar inmediatamente con un m\u00e9dico.<br \/>\nEliminar el producto\/envase seg\u00fan normativa vigente en su pa\u00eds.<\/p>\n<p>&nbsp;<\/p>\n<table style='width: 100%; border: 1px solid #666; border-collapse: collapse;'>\n<tr>\n<td style='text-align: center; border: 1px solid #666;'><img decoding=\"async\" src=\"https:\/\/www.aichemchemical.es\/wp-content\/uploads\/2024\/08\/IconoPalet.png\" alt=\"Icono Palet\" style='width: 80px; height: 80px;' \/><\/td>\n<td","protected":false},"excerpt":{"rendered":"<p>Champ\u00fa detergente absolutamente neutro para todo tipo de pinturas. Muy concentrado y multiuso, genera espuma abundante y aporta alto brillo. Ideal para CAR WASH, sistemas self-service y lavado manual con esponja. Diluci\u00f3n recomendada: 1\u20132%.<\/p>","protected":false},"featured_media":564,"template":"","meta":{"_et_pb_use_builder":"","_et_pb_old_content":"","_et_gb_content_width":""},"product_brand":[],"product_cat":[53],"product_tag":[23,22],"class_list":{"0":"post-562","1":"product","2":"type-product","3":"status-publish","4":"has-post-thumbnail","6":"product_cat-shampoo-e-schiumogeni","7":"product_tag-liquido","8":"product_tag-monocomponente","9":"pa_formato-10-kg","10":"pa_formato-25-kg","11":"pa_formato-5-kg","13":"first","14":"instock","15":"shipping-taxable","16":"product-type-variable"},"_links":{"self":[{"href":"https:\/\/www.aichemchemical.es\/it\/wp-json\/wp\/v2\/product\/562","targetHints":{"allow":["GET"]}}],"collection":[{"href":"https:\/\/www.aichemchemical.es\/it\/wp-json\/wp\/v2\/product"}],"about":[{"href":"https:\/\/www.aichemchemical.es\/it\/wp-json\/wp\/v2\/types\/product"}],"wp:featuredmedia":[{"embeddable":true,"href":"https:\/\/www.aichemchemical.es\/it\/wp-json\/wp\/v2\/media\/564"}],"wp:attachment":[{"href":"https:\/\/www.aichemchemical.es\/it\/wp-json\/wp\/v2\/media?parent=562"}],"wp:term":[{"taxonomy":"product_brand","embeddable":true,"href":"https:\/\/www.aichemchemical.es\/it\/wp-json\/wp\/v2\/product_brand?post=562"},{"taxonomy":"product_cat","embeddable":true,"href":"https:\/\/www.aichemchemical.es\/it\/wp-json\/wp\/v2\/product_cat?post=562"},{"taxonomy":"product_tag","embeddable":true,"href":"https:\/\/www.aichemchemical.es\/it\/wp-json\/wp\/v2\/product_tag?post=562"}],"curies":[{"name":"wp","href":"https:\/\/api.w.org\/{rel}","templated":true}]}}