{"id":548,"date":"2026-03-08T00:20:34","date_gmt":"2026-03-07T23:20:34","guid":{"rendered":"https:\/\/www.aichemchemical.es\/product\/shampoo-schiumogeno-a-schiuma-colorata\/"},"modified":"2026-03-08T00:20:46","modified_gmt":"2026-03-07T23:20:46","slug":"shampoo-schiumogeno-a-schiuma-colorata","status":"publish","type":"product","link":"https:\/\/www.aichemchemical.es\/it\/product\/shampoo-schiumogeno-a-schiuma-colorata\/","title":{"rendered":"Shampoo schiumogeno a schiuma colorata"},"content":{"rendered":"<p>4066 \/ <span style=\"vertical-align: inherit;\">EAN: 0<\/span><\/p>\n<p><span style=\"vertical-align: inherit;\"><span style=\"vertical-align: inherit;\">COLORED FOAM es un shampoo espum\u00f3geno coloreado para car wash dise\u00f1ado para sistemas autom\u00e1ticos con Tri-Foam. Su composici\u00f3n qu\u00edmica aporta una espuma visual \u201cnieve\u201d de color rojo y deja en la carrocer\u00eda un efecto lucido y protettivo, que ayuda a facilitar los lavados posteriores. <\/p>\n<p>Ventajas (etiqueta)<br \/>\nElevado poder schiumogeno (espumante)<br \/>\nElevado poder lucidante (abrillantador)<br \/>\nProtege la carrocer\u00eda<br \/>\nCompatible con todas las ceras <\/p>\n<p>Aplicaci\u00f3n y dosificaci\u00f3n (etiqueta)<br \/>\nEn instalaciones autom\u00e1ticas, aspirar el producto puro desde la bomba dosificadora:<br \/>\nAlta espuma: 30 ml por coche (1,5%)<br \/>\nEspuma media: 20 ml por coche (1%)<br \/>\nBaja espuma: 10 ml por coche (0,5%)<\/p>\n<p>El producto puede diluirse, aumentando en consecuencia el % aspirado por la bomba.<\/span><\/span><\/p>\n<h3>Ingredientes<\/h3>\n<p>Contiene: Alcoholes C10-12 etoxilados, C12-14 alcohol etoxilato sulfato (sal s\u00f3dica), mezcla de 5-cloro-2-metil-4-isotiazolin-3-ona y 2-metil-4-isotiazolin-3-ona (3:1), Glucopon 650 EC.<br \/>\nSeg\u00fan Reg. (CE) 648\/2004: 5% &lt; 15% tensioactivos ani\u00f3nicos.<\/p>\n<p><img decoding=\"async\" src=\"https:\/\/www.aichemchemical.es\/wp-content\/uploads\/2024\/07\/Acido.png\" alt=\"\u00c1cido\" \/><img decoding=\"async\" src=\"https:\/\/www.aichemchemical.es\/wp-content\/uploads\/2024\/07\/Exclamacion.png\" alt=\"Exclamaci\u00f3n\" \/><\/p>\n<h3>C\u00f3digo UFI: 5565-d515-a1515-e10037<\/h3>\n<h3>Frases de Seguridad<\/h3>\n<p>PELIGRO: Provoca irritaci\u00f3n cut\u00e1nea. Puede provocar una reacci\u00f3n al\u00e9rgica en la piel. Provoca graves da\u00f1os oculares.<br \/>\nEN CASO DE CONTACTO CON LOS OJOS: Aclarar cuidadosamente con agua durante varios minutos. Retirar las lentes de contacto si es posible. Continuar aclarando. Llamar inmediatamente a un CENTRO ANTIVELENOS o a un m\u00e9dico si no se siente bien.<\/p>\n<p>&nbsp;<\/p>\n<table style='width: 100%; border: 1px solid #666; border-collapse: collapse;'>\n<tr>\n<td style='text-align: center; border: 1px solid #666;'><img decoding=\"async\" src=\"https:\/\/www.aichemchemical.es\/wp-content\/uploads\/2024\/08\/IconoPalet.png\" alt=\"Icono Palet\" style='width: 80px; height: 80px;' \/><\/td>\n<td style='text-align: center;><h3>Cantidad por Palet: 120<\/h3><\/td><\/tr><\/table><p>&nbsp;<\/p><table style='width: 100%; border: 1px solid #666; border-collapse: collapse;'>\n<th style='border: 1px solid #666;'>\n<h3>Etiquetas<\/h3>\n<\/th>\n<td style='text-align: center; border: 1px solid #666;'><a href=\"https:\/\/aichemchemical.es\/foto\/etiquetas\/4066-ita.pdf\"><img decoding=\"async\" src=\"https:\/\/www.aichemchemical.es\/wp-content\/uploads\/2024\/08\/ita-e1723759678618.png\" alt=\"ita\" style='width: 40px; height: 40px;' target='_blank'\/><br \/>ita<\/a><\/td>\n<\/tr>\n<\/table>\n<p>&nbsp;<\/p>","protected":false},"excerpt":{"rendered":"<p>Champ\u00fa espum\u00f3geno para instalaciones autom\u00e1ticas con sistema Tri-Foam y equipos con \u201cefecto nieve\u201d. Alta espuma, efecto abrillantador y protector de la carrocer\u00eda. Compatible con todas las ceras. Apto tambi\u00e9n para pistolas de espuma.<\/p>","protected":false},"featured_media":550,"template":"","meta":{"_et_pb_use_builder":"","_et_pb_old_content":"","_et_gb_content_width":""},"product_brand":[],"product_cat":[53],"product_tag":[23,22],"class_list":{"0":"post-548","1":"product","2":"type-product","3":"status-publish","4":"has-post-thumbnail","6":"product_cat-shampoo-e-schiumogeni","7":"product_tag-liquido","8":"product_tag-monocomponente","9":"pa_formato-10-kg","10":"pa_formato-25-kg","11":"pa_formato-5-kg","13":"first","14":"instock","15":"shipping-taxable","16":"product-type-variable"},"_links":{"self":[{"href":"https:\/\/www.aichemchemical.es\/it\/wp-json\/wp\/v2\/product\/548","targetHints":{"allow":["GET"]}}],"collection":[{"href":"https:\/\/www.aichemchemical.es\/it\/wp-json\/wp\/v2\/product"}],"about":[{"href":"https:\/\/www.aichemchemical.es\/it\/wp-json\/wp\/v2\/types\/product"}],"wp:featuredmedia":[{"embeddable":true,"href":"https:\/\/www.aichemchemical.es\/it\/wp-json\/wp\/v2\/media\/550"}],"wp:attachment":[{"href":"https:\/\/www.aichemchemical.es\/it\/wp-json\/wp\/v2\/media?parent=548"}],"wp:term":[{"taxonomy":"product_brand","embeddable":true,"href":"https:\/\/www.aichemchemical.es\/it\/wp-json\/wp\/v2\/product_brand?post=548"},{"taxonomy":"product_cat","embeddable":true,"href":"https:\/\/www.aichemchemical.es\/it\/wp-json\/wp\/v2\/product_cat?post=548"},{"taxonomy":"product_tag","embeddable":true,"href":"https:\/\/www.aichemchemical.es\/it\/wp-json\/wp\/v2\/product_tag?post=548"}],"curies":[{"name":"wp","href":"https:\/\/api.w.org\/{rel}","templated":true}]}}