{"id":541,"date":"2026-03-08T00:20:23","date_gmt":"2026-03-07T23:20:23","guid":{"rendered":"https:\/\/www.aichemchemical.es\/product\/basic-sg-35-sgrassatore-alcalino-monocomponente\/"},"modified":"2026-03-08T00:20:35","modified_gmt":"2026-03-07T23:20:35","slug":"basic-sg-35-sgrassatore-alcalino-monocomponente","status":"publish","type":"product","link":"https:\/\/www.aichemchemical.es\/it\/product\/basic-sg-35-sgrassatore-alcalino-monocomponente\/","title":{"rendered":"Basic sg 35 sgrassatore alcalino monocomponente"},"content":{"rendered":"<p>2131 \/ <span style=\"vertical-align: inherit;\">EAN: 0<\/span><\/p>\n<p><span style=\"vertical-align: inherit;\"><span style=\"vertical-align: inherit;\">BASIC SG 35 es un detergente desengrasante alcalino de uso profesional (CAR WASH), monocomponente y de alta concentraci\u00f3n, pensado para limpiar suciedad dif\u00edcil con lavado sin spugnatura o spazzolatura (sin esponja ni cepillado, seg\u00fan instalaci\u00f3n).<\/p>\n<p>Su acci\u00f3n combina un gran poder desengrasante con una excelente acci\u00f3n detergente, eliminando suciedad t\u00edpica de carretera y suciedad pesada como:<br \/>\nFilm traffic \/ fuliggine del traffico<br \/>\nGrasa<br \/>\nTintas (por ejemplo, tinta de sellos)<br \/>\nResiduos petrol\u00edferos y carbonosos<br \/>\nSmog<br \/>\nTerriccio (tierra\/barro), etc.<\/p>\n<p>D\u00f3nde usarlo (etiqueta)<br \/>\nApto para la limpieza externa de:<br \/>\nVeh\u00edculos<br \/>\nMaquinaria<br \/>\nServicios industriales<\/p>\n<p>Ventajas<br \/>\nAlcalino y altamente concentrado (alto rendimiento)<br \/>\nMonocomponente: uso profesional sencillo<br \/>\nLimpieza sin contacto (seg\u00fan sistema)<br \/>\nF\u00e1cil de aclarar<br \/>\nBiodegradable<\/p>\n<p>Modo de empleo (etiqueta)<br \/>\nAplicar la soluci\u00f3n de forma homog\u00e9nea de abajo hacia arriba y dejar actuar unos instantes.<br \/>\nNo aplicar sobre superficies calientes o expuestas al sol.<\/p>\n<p>Diluciones recomendadas (etiqueta)<br \/>\nLavado normal: 1%<br \/>\nLavado a m\u00e1quina: 3\u20135%<br \/>\nSuciedad pesada: 5\u201310%<\/span><\/span><\/p>\n<h3>Ingredientes<\/h3>\n<p>Contiene: hidr\u00f3xido de sodio, alfaolefina sulfonada, alcohol etoxilado C10\u201312, 2-butoxietanol.<\/p>\n<p><img decoding=\"async\" src=\"https:\/\/www.aichemchemical.es\/wp-content\/uploads\/2024\/07\/Acido.png\" alt=\"\u00c1cido\" \/><\/p>\n<h3>C\u00f3digo UFI: 5565-d515-a1515-e10021<\/h3>\n<h3>Frases de Seguridad<\/h3>\n<p>PELIGRO: Provoca graves quemaduras en la piel y da\u00f1os en los ojos. No respirar los vapores. Usar guantes\/ropa protectora\/protecci\u00f3n ocular\/facial.<\/p>\n<p>EN CASO DE INGESTI\u00d3N: Enjuagar la boca. NO provocar el v\u00f3mito.<br \/>\nEN CASO DE CONTACTO CON LA PIEL (o el cabello): Quitar inmediatamente la ropa contaminada. Aclarar la piel\/ducharse.<br \/>\nEN CASO DE CONTACTO CON LOS OJOS: Aclarar cuidadosamente durante varios minutos. Retirar lentes si es f\u00e1cil. Continuar aclarando.<br \/>\nContactar con un m\u00e9dico o un CENTRO ANTIVELENOS si no se siente bien. Eliminar el producto\/envase seg\u00fan normativa vigente.<\/p>\n<p>Transporte: UN 1760.<\/p>\n<p>&nbsp;<\/p>\n<table style='width: 100%; border: 1px solid #666; border-collapse: collapse;'>\n<tr>\n<td style='text-align: center; border: 1px solid #666;'><img decoding=\"async\" src=\"https:\/\/www.aichemchemical.es\/wp-content\/uploads\/2024\/08\/IconoPalet.png\" alt=\"Icono Palet\" style='width: 80px; height: 80px;' \/><\/td>\n<td style='text-align: center;><h3>Cantidad por Palet: 120<\/h3><\/td><\/tr><\/table><p>&nbsp;<\/p><table style='width: 100%; border: 1px solid #666; border-collapse: collapse;'>\n<th style='border: 1px solid #666;'>\n<h3>Etiquetas<\/h3>\n<\/th>\n<td style='text-align: center; border: 1px solid #666;'><a href=\"https:\/\/aichemchemical.es\/foto\/etiquetas\/2131-ita.pdf\"><img decoding=\"async\" src=\"https:\/\/www.aichemchemical.es\/wp-content\/uploads\/2024\/08\/ita-e1723759678618.png\" alt=\"ita\" style='width: 40px; height: 40px;' target='_blank'\/><br \/>ita<\/a><\/td>\n<\/tr>\n<\/table>\n<p>&nbsp;<\/p>","protected":false},"excerpt":{"rendered":"<p>Detergente desengrasante alcalino altamente concentrado y monocomponente, ideal para lavar todo tipo de veh\u00edculos sin esponja ni cepillo (lavado sin contacto, seg\u00fan sistema). Elimina film de tr\u00e1fico\/fuliggine, grasa, tintas, residuos petrol\u00edferos y carbonosos, smog y tierra\/barro. F\u00e1cil de aclarar y biodegradable. Apto para limpieza externa de veh\u00edculos, maquinaria y servicios industriales.<\/p>","protected":false},"featured_media":543,"template":"","meta":{"_et_pb_use_builder":"","_et_pb_old_content":"","_et_gb_content_width":""},"product_brand":[],"product_cat":[52],"product_tag":[23,22],"class_list":{"0":"post-541","1":"product","2":"type-product","3":"status-publish","4":"has-post-thumbnail","6":"product_cat-prelavaggi-monocomponenti","7":"product_tag-liquido","8":"product_tag-monocomponente","9":"pa_formato-10-kg","10":"pa_formato-25-kg","11":"pa_formato-5-kg","13":"first","14":"instock","15":"shipping-taxable","16":"product-type-variable"},"_links":{"self":[{"href":"https:\/\/www.aichemchemical.es\/it\/wp-json\/wp\/v2\/product\/541","targetHints":{"allow":["GET"]}}],"collection":[{"href":"https:\/\/www.aichemchemical.es\/it\/wp-json\/wp\/v2\/product"}],"about":[{"href":"https:\/\/www.aichemchemical.es\/it\/wp-json\/wp\/v2\/types\/product"}],"wp:featuredmedia":[{"embeddable":true,"href":"https:\/\/www.aichemchemical.es\/it\/wp-json\/wp\/v2\/media\/543"}],"wp:attachment":[{"href":"https:\/\/www.aichemchemical.es\/it\/wp-json\/wp\/v2\/media?parent=541"}],"wp:term":[{"taxonomy":"product_brand","embeddable":true,"href":"https:\/\/www.aichemchemical.es\/it\/wp-json\/wp\/v2\/product_brand?post=541"},{"taxonomy":"product_cat","embeddable":true,"href":"https:\/\/www.aichemchemical.es\/it\/wp-json\/wp\/v2\/product_cat?post=541"},{"taxonomy":"product_tag","embeddable":true,"href":"https:\/\/www.aichemchemical.es\/it\/wp-json\/wp\/v2\/product_tag?post=541"}],"curies":[{"name":"wp","href":"https:\/\/api.w.org\/{rel}","templated":true}]}}