{"id":534,"date":"2026-03-08T00:20:13","date_gmt":"2026-03-07T23:20:13","guid":{"rendered":"https:\/\/www.aichemchemical.es\/product\/detergente-alcalino-delicato\/"},"modified":"2026-03-08T00:20:24","modified_gmt":"2026-03-07T23:20:24","slug":"detergente-alcalino-delicato","status":"publish","type":"product","link":"https:\/\/www.aichemchemical.es\/it\/product\/detergente-alcalino-delicato\/","title":{"rendered":"Detergente alcalino Delicato"},"content":{"rendered":"<p>2380 \/ <span style=\"vertical-align: inherit;\">EAN: 0<\/span><\/p>\n<p><span style=\"vertical-align: inherit;\"><span style=\"vertical-align: inherit;\">PREWASH SELF es un detergente desengrasante alcalino de altas prestaciones dise\u00f1ado para la fase de prelavado en centros de lavado tipo CAR WASH (autoservicio y equipos autom\u00e1ticos). Su f\u00f3rmula ofrece una combinaci\u00f3n pr\u00e1ctica: gran poder de arrastre de suciedad y un comportamiento delicado sobre superficies, con un aclarado r\u00e1pido.<\/p>\n<p>Qu\u00e9 elimina<br \/>\nGrasa<br \/>\nResiduos de aceite<br \/>\nSmog<br \/>\nResiduos carbonosos, etc.<\/p>\n<p>Ventajas<br \/>\nElevada potencia desengrasante<br \/>\nAltas prestaciones<br \/>\nF\u00e1cil de aclarar<br \/>\nDelicado con las superficies<br \/>\nBiodegradable<\/p>\n<p>Modo de uso (etiqueta)<br \/>\nProducto concentrado. Diluir entre el 2% y el 5%.<br \/>\nEn sistemas autom\u00e1ticos, ajustar las dosis de mezcla y aspiraci\u00f3n seg\u00fan las proporciones recomendadas por el fabricante. La dosis puede variar seg\u00fan el nivel de suciedad.<br \/>\nLa superficie a limpiar no debe estar a una temperatura superior a 40 \u00baC.<\/span><\/span><\/p>\n<h3>Ingredientes<\/h3>\n<p>Contiene: hidr\u00f3xido de sodio, alfaolefina sulfonada, alcohol C10\u201312 etoxilados.<\/p>\n<p><img decoding=\"async\" src=\"https:\/\/www.aichemchemical.es\/wp-content\/uploads\/2024\/07\/Acido.png\" alt=\"\u00c1cido\" \/><\/p>\n<h3>C\u00f3digo UFI: 5565-d515-a1515-e10015<\/h3>\n<h3>Frases de Seguridad<\/h3>\n<p>PELIGRO: Provoca graves quemaduras cut\u00e1neas y graves lesiones oculares.<br \/>\nUsar guantes\/indumentaria protectora y proteger ojos\/cara.<br \/>\nEN CASO DE CONTACTO CON LA PIEL (o el cabello): quitar inmediatamente la ropa contaminada. Aclarar la piel\/ducharse.<br \/>\nEN CASO DE CONTACTO CON LOS OJOS: aclarar cuidadosamente durante varios minutos. Retirar lentes si es f\u00e1cil. Continuar aclarando. Contactar inmediatamente con un m\u00e9dico o un CENTRO ANTIVELENOS en caso de malestar.<br \/>\nUso exclusivamente profesional.<br \/>\nTransporte: UN 1760.<\/p>\n<p>&nbsp;<\/p>\n<table style='width: 100%; border: 1px solid #666; border-collapse: collapse;'>\n<tr>\n<td style='text-align: center; border: 1px solid #666;'><img decoding=\"async\" src=\"https:\/\/www.aichemchemical.es\/wp-content\/uploads\/2024\/08\/IconoPalet.png\" alt=\"Icono Palet\" style='width: 80px; height: 80px;' \/><\/td>\n<td","protected":false},"excerpt":{"rendered":"<p>Detergente alcalino delicado con las superficies para prelavado en car wash (self service y sistemas autom\u00e1ticos). Alta potencia desengrasante, altas prestaciones y f\u00e1cil aclarado. Eficaz contra grasa, residuos de aceite, smog y residuos carbonosos. Biodegradable. Indicado para coches, camiones, caravanas\/roulotte y neum\u00e1ticos. Uso exclusivamente profesional.<\/p>","protected":false},"featured_media":536,"template":"","meta":{"_et_pb_use_builder":"","_et_pb_old_content":"","_et_gb_content_width":""},"product_brand":[],"product_cat":[52],"product_tag":[23,22],"class_list":{"0":"post-534","1":"product","2":"type-product","3":"status-publish","4":"has-post-thumbnail","6":"product_cat-prelavaggi-monocomponenti","7":"product_tag-liquido","8":"product_tag-monocomponente","9":"pa_formato-10-kg","10":"pa_formato-25-kg","11":"pa_formato-5-kg","13":"first","14":"instock","15":"shipping-taxable","16":"product-type-variable"},"_links":{"self":[{"href":"https:\/\/www.aichemchemical.es\/it\/wp-json\/wp\/v2\/product\/534","targetHints":{"allow":["GET"]}}],"collection":[{"href":"https:\/\/www.aichemchemical.es\/it\/wp-json\/wp\/v2\/product"}],"about":[{"href":"https:\/\/www.aichemchemical.es\/it\/wp-json\/wp\/v2\/types\/product"}],"wp:featuredmedia":[{"embeddable":true,"href":"https:\/\/www.aichemchemical.es\/it\/wp-json\/wp\/v2\/media\/536"}],"wp:attachment":[{"href":"https:\/\/www.aichemchemical.es\/it\/wp-json\/wp\/v2\/media?parent=534"}],"wp:term":[{"taxonomy":"product_brand","embeddable":true,"href":"https:\/\/www.aichemchemical.es\/it\/wp-json\/wp\/v2\/product_brand?post=534"},{"taxonomy":"product_cat","embeddable":true,"href":"https:\/\/www.aichemchemical.es\/it\/wp-json\/wp\/v2\/product_cat?post=534"},{"taxonomy":"product_tag","embeddable":true,"href":"https:\/\/www.aichemchemical.es\/it\/wp-json\/wp\/v2\/product_tag?post=534"}],"curies":[{"name":"wp","href":"https:\/\/api.w.org\/{rel}","templated":true}]}}