{"id":530,"date":"2026-03-08T00:20:09","date_gmt":"2026-03-07T23:20:09","guid":{"rendered":"https:\/\/www.aichemchemical.es\/product\/sgrassatore-schiumogeno-per-impianti-automatici-no-touch\/"},"modified":"2026-03-08T00:20:14","modified_gmt":"2026-03-07T23:20:14","slug":"sgrassatore-schiumogeno-per-impianti-automatici-no-touch","status":"publish","type":"product","link":"https:\/\/www.aichemchemical.es\/it\/product\/sgrassatore-schiumogeno-per-impianti-automatici-no-touch\/","title":{"rendered":"Sgrassatore schiumogeno per impianti automatici no touch"},"content":{"rendered":"<p>4275 \/ <span style=\"vertical-align: inherit;\">EAN: 0<\/span><\/p>\n<p><span style=\"vertical-align: inherit;\"><span style=\"vertical-align: inherit;\">HP No Touch 1 es un detergente concentrado dise\u00f1ado para instalaciones de lavado autom\u00e1tico con sistema No Touch a alta presi\u00f3n. Su formulaci\u00f3n, con elevadas propiedades emolientes, ayuda a desprender la suciedad t\u00edpica de carretera y el film traffic, mejorando el resultado del lavado sin necesidad de cepillo.<\/p>\n<p>Ventajas<br \/>\nAnticorrosivo<br \/>\nAltas prestaciones<br \/>\nF\u00e1cil de aclarar<\/p>\n<p>Aplicaci\u00f3n y dosificaci\u00f3n (etiqueta)<br \/>\nDosificar 60 ml de producto por veh\u00edculo.<\/p>\n<p>Informaci\u00f3n adicional (etiqueta)<br \/>\nContenido de COV (producto listo para usar): 0,00%<br \/>\nTransporte: UN 1790<\/span><\/span><\/p>\n<h3>Ingredientes<\/h3>\n<p>Contiene: \u00e1cido fosf\u00f3rico 75%, \u00e1cido fluorh\u00eddrico, alfaolefina sulfonada, alcohol C10\u201316 etoxilados, \u00e1cido clorh\u00eddrico.<\/p>\n<p><img decoding=\"async\" src=\"https:\/\/www.aichemchemical.es\/wp-content\/uploads\/2024\/07\/Acido.png\" alt=\"\u00c1cido\" \/><img decoding=\"async\" src=\"https:\/\/www.aichemchemical.es\/wp-content\/uploads\/2026\/03\/Toxico.png\" alt=\"T\u00f3xico\" \/><\/p>\n<h3>C\u00f3digo UFI: 5565-d515-a1515-e10013<\/h3>\n<h3>Frases de Seguridad<\/h3>\n<p>PELIGRO: Nocivo si se ingiere o inhala. T\u00f3xico en contacto con la piel. Provoca graves quemaduras en la piel y graves lesiones oculares. Puede irritar las v\u00edas respiratorias. Mantener fuera del alcance de los ni\u00f1os. Usar solo al aire libre o en lugar bien ventilado. Usar guantes\/ropa de protecci\u00f3n y protecci\u00f3n ocular\/facial.<br \/>\nEN CASO DE INGESTI\u00d3N: Enjuagar la boca. NO provocar el v\u00f3mito.<br \/>\nEN CASO DE CONTACTO CON LA PIEL (o el cabello): Quitar inmediatamente la ropa contaminada. Aclarar la piel\/ducharse.<br \/>\nEN CASO DE CONTACTO CON LOS OJOS: Aclarar cuidadosamente varios minutos. Retirar lentes si es f\u00e1cil. Continuar aclarando.<br \/>\nContactar inmediatamente con un m\u00e9dico o un CENTRO ANTIVELENOS en caso de malestar. Eliminar producto\/envase seg\u00fan normativa vigente. Transporte: UN 1790.<\/p>\n<p>&nbsp;<\/p>\n<table style='width: 100%; border: 1px solid #666; border-collapse: collapse;'>\n<tr>\n<td style='text-align: center; border: 1px solid #666;'><img decoding=\"async\" src=\"https:\/\/www.aichemchemical.es\/wp-content\/uploads\/2024\/08\/IconoPalet.png\" alt=\"Icono Palet\" style='width: 80px; height: 80px;' \/><\/td>\n<td style='text-align: center;><h3>Cantidad por Palet: 26<\/h3><\/td><\/tr><\/table><p>&nbsp;<\/p><table style='width: 100%; border: 1px solid #666; border-collapse: collapse;'>\n<th style='border: 1px solid #666;'>\n<h3>Etiquetas<\/h3>\n<\/th>\n<td style='text-align: center; border: 1px solid #666;'><a href=\"https:\/\/aichemchemical.es\/foto\/etiquetas\/4275-ita.pdf\"><img decoding=\"async\" src=\"https:\/\/www.aichemchemical.es\/wp-content\/uploads\/2024\/08\/ita-e1723759678618.png\" alt=\"ita\" style='width: 40px; height: 40px;' target='_blank'\/><br \/>ita<\/a><\/td>\n<\/tr>\n<\/table>\n<p>&nbsp;<\/p>","protected":false},"excerpt":{"rendered":"<p>Detergente profesional concentrado para lavados autom\u00e1ticos No Touch de alta presi\u00f3n. Acci\u00f3n emoliente que ataca la suciedad y el film traffic (film de tr\u00e1fico) para un aclarado eficaz sin contacto. Anticorrosivo, altas prestaciones y f\u00e1cil de aclarar. Dosificaci\u00f3n: 60 ml por veh\u00edculo.<\/p>","protected":false},"featured_media":533,"template":"","meta":{"_et_pb_use_builder":"","_et_pb_old_content":"","_et_gb_content_width":""},"product_brand":[],"product_cat":[52],"product_tag":[23,22],"class_list":{"0":"post-530","1":"product","2":"type-product","3":"status-publish","4":"has-post-thumbnail","6":"product_cat-prelavaggi-monocomponenti","7":"product_tag-liquido","8":"product_tag-monocomponente","9":"pa_formato-25-kg","11":"first","12":"instock","13":"shipping-taxable","14":"product-type-simple"},"_links":{"self":[{"href":"https:\/\/www.aichemchemical.es\/it\/wp-json\/wp\/v2\/product\/530","targetHints":{"allow":["GET"]}}],"collection":[{"href":"https:\/\/www.aichemchemical.es\/it\/wp-json\/wp\/v2\/product"}],"about":[{"href":"https:\/\/www.aichemchemical.es\/it\/wp-json\/wp\/v2\/types\/product"}],"wp:featuredmedia":[{"embeddable":true,"href":"https:\/\/www.aichemchemical.es\/it\/wp-json\/wp\/v2\/media\/533"}],"wp:attachment":[{"href":"https:\/\/www.aichemchemical.es\/it\/wp-json\/wp\/v2\/media?parent=530"}],"wp:term":[{"taxonomy":"product_brand","embeddable":true,"href":"https:\/\/www.aichemchemical.es\/it\/wp-json\/wp\/v2\/product_brand?post=530"},{"taxonomy":"product_cat","embeddable":true,"href":"https:\/\/www.aichemchemical.es\/it\/wp-json\/wp\/v2\/product_cat?post=530"},{"taxonomy":"product_tag","embeddable":true,"href":"https:\/\/www.aichemchemical.es\/it\/wp-json\/wp\/v2\/product_tag?post=530"}],"curies":[{"name":"wp","href":"https:\/\/api.w.org\/{rel}","templated":true}]}}