{"id":523,"date":"2026-03-08T00:19:58","date_gmt":"2026-03-07T23:19:58","guid":{"rendered":"https:\/\/www.aichemchemical.es\/product\/dosatore-per-pasta-lavamani\/"},"modified":"2026-03-08T00:20:06","modified_gmt":"2026-03-07T23:20:06","slug":"dosatore-per-pasta-lavamani","status":"publish","type":"product","link":"https:\/\/www.aichemchemical.es\/it\/product\/dosatore-per-pasta-lavamani\/","title":{"rendered":"Dosatore per pasta lavamani"},"content":{"rendered":"<p>139 \/ <span style=\"vertical-align: inherit;\">EAN: 0<\/span><\/p>\n<p><span style=\"vertical-align: inherit;\"><span style=\"vertical-align: inherit;\">Mant\u00e9n la higiene donde m\u00e1s se necesita. El Soporte Dispensador de Pared AICHEM est\u00e1 dise\u00f1ado para usar pasta lavamanos de forma limpia, r\u00e1pida y sin desperdicios, evitando tocar el producto con las manos sucias.<\/p>\n<p>Gracias a su sistema de extracci\u00f3n, podr\u00e1s obtener siempre la dosis adecuada con un simple tir\u00f3n de palanca. Adem\u00e1s, ofrece cuatro dosis diferentes para adaptarse a cada necesidad de lavado.<\/p>\n<p>Ventajas principales<\/p>\n<p>Dosificaci\u00f3n higi\u00e9nica: evita contaminar el producto.<\/p>\n<p>Ahorro y control: obt\u00e9n la cantidad justa, sin excesos.<\/p>\n<p>4 dosis seleccionables seg\u00fan preferencia del usuario.<\/p>\n<p>Instalaci\u00f3n en pared: c\u00f3modo y siempre a mano.<\/p>\n<p>Fabricado completamente en pl\u00e1stico, resistente y f\u00e1cil de limpiar.<\/p>\n<p>M\u00e9todo de uso<\/p>\n<p>Retire la tapa del cubo e ins\u00e9rtelo en el sitio apropiado.<\/p>\n<p>Instale el extractor en la pared.<\/p>\n<p>Tire de la palanca para obtener su dosis.<\/p>\n<p>Patente AICHEM n\u00ba 0000274409.<\/span><\/span><\/p>\n<h3>C\u00f3digo UFI: 5565-d515-a1515-e10000<\/h3>\n<p>&nbsp;<\/p>\n<table style='width: 100%; border: 1px solid #666; border-collapse: collapse;'>\n<tr>\n<td style='text-align: center; border: 1px solid #666;'><img decoding=\"async\" src=\"https:\/\/www.aichemchemical.es\/wp-content\/uploads\/2024\/08\/IconoPalet.png\" alt=\"Icono Palet\" style='width: 80px; height: 80px;' \/><\/td>\n<td","protected":false},"excerpt":{"rendered":"<p>Dispensador mural para pasta lavamanos AICHEM: permite obtener la dosis adecuada sin contaminar el producto con manos sucias. Fabricado en pl\u00e1stico y con 4 niveles de dosificaci\u00f3n seleccionables. Ideal para talleres e industrias.<\/p>","protected":false},"featured_media":525,"template":"","meta":{"_et_pb_use_builder":"","_et_pb_old_content":"","_et_gb_content_width":""},"product_brand":[],"product_cat":[27],"product_tag":[28],"class_list":{"0":"post-523","1":"product","2":"type-product","3":"status-publish","4":"has-post-thumbnail","6":"product_cat-linea-manos","7":"product_tag-manos","9":"first","10":"instock","11":"shipping-taxable","12":"product-type-simple"},"_links":{"self":[{"href":"https:\/\/www.aichemchemical.es\/it\/wp-json\/wp\/v2\/product\/523","targetHints":{"allow":["GET"]}}],"collection":[{"href":"https:\/\/www.aichemchemical.es\/it\/wp-json\/wp\/v2\/product"}],"about":[{"href":"https:\/\/www.aichemchemical.es\/it\/wp-json\/wp\/v2\/types\/product"}],"wp:featuredmedia":[{"embeddable":true,"href":"https:\/\/www.aichemchemical.es\/it\/wp-json\/wp\/v2\/media\/525"}],"wp:attachment":[{"href":"https:\/\/www.aichemchemical.es\/it\/wp-json\/wp\/v2\/media?parent=523"}],"wp:term":[{"taxonomy":"product_brand","embeddable":true,"href":"https:\/\/www.aichemchemical.es\/it\/wp-json\/wp\/v2\/product_brand?post=523"},{"taxonomy":"product_cat","embeddable":true,"href":"https:\/\/www.aichemchemical.es\/it\/wp-json\/wp\/v2\/product_cat?post=523"},{"taxonomy":"product_tag","embeddable":true,"href":"https:\/\/www.aichemchemical.es\/it\/wp-json\/wp\/v2\/product_tag?post=523"}],"curies":[{"name":"wp","href":"https:\/\/api.w.org\/{rel}","templated":true}]}}