{"id":512,"date":"2026-03-08T00:19:38","date_gmt":"2026-03-07T23:19:38","guid":{"rendered":"https:\/\/www.aichemchemical.es\/product\/pasta-lavamani-marrone\/"},"modified":"2026-03-08T00:19:45","modified_gmt":"2026-03-07T23:19:45","slug":"pasta-lavamani-marrone","status":"publish","type":"product","link":"https:\/\/www.aichemchemical.es\/it\/product\/pasta-lavamani-marrone\/","title":{"rendered":"pasta lavamani marrone"},"content":{"rendered":"<p>1439 \/ <span style=\"vertical-align: inherit;\">EAN: 0<\/span><\/p>\n<p><span style=\"vertical-align: inherit;\"><span style=\"vertical-align: inherit;\">Pasta Lavamani Brown est\u00e1 pensada para cuando la suciedad se pega de verdad: grasa, mugre intensa y manos \u201cde taller\u201d. Limpia a fondo sin castigar la piel y deja un agradable olor a lim\u00f3n.<\/p>\n<p>Adem\u00e1s, tiene ventajas pr\u00e1cticas de las que importan:<br \/>\nSin micropl\u00e1sticos<br \/>\nNo contiene disolventes<br \/>\nNo obstruye desag\u00fces ni tuber\u00edas<br \/>\nFormulada con absorbentes org\u00e1nicos biodegradables (>90%)<\/p>\n<p>Recomendada para<br \/>\nMec\u00e1nicos y talleres<br \/>\nCarrocer\u00eda<br \/>\nTransportistas<br \/>\nIndustria mec\u00e1nica<br \/>\nConstrucci\u00f3n naval<\/p>\n<p>Modo de empleo (etiqueta)<br \/>\nSin mojar las manos, tomar una peque\u00f1a cantidad de pasta.<br \/>\nFrotar hasta que la suciedad quede completamente emulsionada.<br \/>\nAclarar y secar bien.<\/span><\/span><\/p>\n<h3>Ingredientes<\/h3>\n<p>Aqua (water), Celulose, Pumice, Glycerin, Sodium Dodecylbenzenesulfonate, Sodium Stearate, Dimethicone, Methylchloroisothiazolinone, Perfume, Methylisothiazolinone.<\/p>\n<h3>C\u00f3digo UFI: 5565-d515-a1515-e10003<\/h3>\n<h3>Frases de Seguridad<\/h3>\n<p>PRECAUCIONES: NO INGERIR. En caso de ingesti\u00f3n accidental, contactar inmediatamente con un m\u00e9dico o un centro de control de intoxicaciones.<\/p>\n<p>&nbsp;<\/p>\n<table style='width: 100%; border: 1px solid #666; border-collapse: collapse;'>\n<tr>\n<td style='text-align: center; border: 1px solid #666;'><img decoding=\"async\" src=\"https:\/\/www.aichemchemical.es\/wp-content\/uploads\/2024\/08\/IconoPalet.png\" alt=\"Icono Palet\" style='width: 80px; height: 80px;' \/><\/td>\n<td","protected":false},"excerpt":{"rendered":"<p>Pasta lavamanos top-quality con aroma a lim\u00f3n, recomendada para suciedad grasa y pesada. Ideal para mec\u00e1nicos, carroceros, transportistas, industria mec\u00e1nica y construcci\u00f3n naval. No agrede la piel, sin micropl\u00e1sticos y sin disolventes. No obstruye desag\u00fces ni tuber\u00edas. M\u00e1s del 90% de absorbentes org\u00e1nicos biodegradables.<\/p>","protected":false},"featured_media":514,"template":"","meta":{"_et_pb_use_builder":"","_et_pb_old_content":"","_et_gb_content_width":""},"product_brand":[],"product_cat":[27],"product_tag":[28,50],"class_list":{"0":"post-512","1":"product","2":"type-product","3":"status-publish","4":"has-post-thumbnail","6":"product_cat-linea-manos","7":"product_tag-manos","8":"product_tag-pasta","9":"pa_formato-4000-ml","10":"pa_formato-900-ml","12":"first","13":"instock","14":"shipping-taxable","15":"product-type-variable"},"_links":{"self":[{"href":"https:\/\/www.aichemchemical.es\/it\/wp-json\/wp\/v2\/product\/512","targetHints":{"allow":["GET"]}}],"collection":[{"href":"https:\/\/www.aichemchemical.es\/it\/wp-json\/wp\/v2\/product"}],"about":[{"href":"https:\/\/www.aichemchemical.es\/it\/wp-json\/wp\/v2\/types\/product"}],"wp:featuredmedia":[{"embeddable":true,"href":"https:\/\/www.aichemchemical.es\/it\/wp-json\/wp\/v2\/media\/514"}],"wp:attachment":[{"href":"https:\/\/www.aichemchemical.es\/it\/wp-json\/wp\/v2\/media?parent=512"}],"wp:term":[{"taxonomy":"product_brand","embeddable":true,"href":"https:\/\/www.aichemchemical.es\/it\/wp-json\/wp\/v2\/product_brand?post=512"},{"taxonomy":"product_cat","embeddable":true,"href":"https:\/\/www.aichemchemical.es\/it\/wp-json\/wp\/v2\/product_cat?post=512"},{"taxonomy":"product_tag","embeddable":true,"href":"https:\/\/www.aichemchemical.es\/it\/wp-json\/wp\/v2\/product_tag?post=512"}],"curies":[{"name":"wp","href":"https:\/\/api.w.org\/{rel}","templated":true}]}}