{"id":509,"date":"2026-03-08T00:19:36","date_gmt":"2026-03-07T23:19:36","guid":{"rendered":"https:\/\/www.aichemchemical.es\/product\/gel-lavamani-arancia-dosatore-incluso\/"},"modified":"2026-03-08T00:19:39","modified_gmt":"2026-03-07T23:19:39","slug":"gel-lavamani-arancia-dosatore-incluso","status":"publish","type":"product","link":"https:\/\/www.aichemchemical.es\/it\/product\/gel-lavamani-arancia-dosatore-incluso\/","title":{"rendered":"Gel Lavamani Arancia &#8211; Dosatore Incluso"},"content":{"rendered":"<p>299 \/ <span style=\"vertical-align: inherit;\">EAN: 0<\/span><\/p>\n<p><span style=\"vertical-align: inherit;\"><span style=\"vertical-align: inherit;\">ORANGE CLEANER es un gel lavamanos profesional con esencia de naranja, pensado para el uso diario en entornos donde las manos terminan con grasa y mucha suciedad. Limpia con eficacia sin castigar la piel, lo que lo hace ideal para trabajo continuado en taller e industria.<\/p>\n<p>Recomendado para<br \/>\nTaller mec\u00e1nico y carrocer\u00eda<br \/>\nTransporte<br \/>\nIndustria mec\u00e1nica<br \/>\nConstrucci\u00f3n naval<\/p>\n<p>Modo de empleo (etiqueta)<br \/>\nSin mojar las manos, aplique una peque\u00f1a cantidad.<br \/>\nFrote hasta la completa emulsi\u00f3n de la suciedad.<br \/>\nEnjuague y seque con cuidado.<\/span><\/span><\/p>\n<h3>Ingredientes<\/h3>\n<p>Water, polyurethane, glycerin, triethanolamine, sodium tallowate, alkyl benzenesulfonic acid, stearic acid, linear ethoxylated alcohol C-10-C12, methylchloroisothiazolinone, methylisothiazolinone, parfum fragrance.<\/p>\n<h3>C\u00f3digo UFI: 5565-d515-a1515-e10002<\/h3>\n<h3>Frases de Seguridad<\/h3>\n<p>Evitar contacto con ojos; si ocurre, aclarar con agua. Mantener fuera del alcance de ni\u00f1os.<\/p>\n<p>&nbsp;<\/p>\n<table style='width: 100%; border: 1px solid #666; border-collapse: collapse;'>\n<tr>\n<td style='text-align: center; border: 1px solid #666;'><img decoding=\"async\" src=\"https:\/\/www.aichemchemical.es\/wp-content\/uploads\/2024\/08\/IconoPalet.png\" alt=\"Icono Palet\" style='width: 80px; height: 80px;' \/><\/td>\n<td","protected":false},"excerpt":{"rendered":"<p>Gel lavamanos de alta calidad con esencia de naranja que elimina f\u00e1cilmente grasa y suciedad intensa sin agredir la piel. Recomendado para mec\u00e1nicos, carroceros, transportistas, industria mec\u00e1nica y construcci\u00f3n naval.<\/p>","protected":false},"featured_media":511,"template":"","meta":{"_et_pb_use_builder":"","_et_pb_old_content":"","_et_gb_content_width":""},"product_brand":[],"product_cat":[27],"product_tag":[23,28],"class_list":{"0":"post-509","1":"product","2":"type-product","3":"status-publish","4":"has-post-thumbnail","6":"product_cat-linea-manos","7":"product_tag-liquido","8":"product_tag-manos","9":"pa_formato-3000-ml","11":"first","12":"instock","13":"shipping-taxable","14":"product-type-simple"},"_links":{"self":[{"href":"https:\/\/www.aichemchemical.es\/it\/wp-json\/wp\/v2\/product\/509","targetHints":{"allow":["GET"]}}],"collection":[{"href":"https:\/\/www.aichemchemical.es\/it\/wp-json\/wp\/v2\/product"}],"about":[{"href":"https:\/\/www.aichemchemical.es\/it\/wp-json\/wp\/v2\/types\/product"}],"wp:featuredmedia":[{"embeddable":true,"href":"https:\/\/www.aichemchemical.es\/it\/wp-json\/wp\/v2\/media\/511"}],"wp:attachment":[{"href":"https:\/\/www.aichemchemical.es\/it\/wp-json\/wp\/v2\/media?parent=509"}],"wp:term":[{"taxonomy":"product_brand","embeddable":true,"href":"https:\/\/www.aichemchemical.es\/it\/wp-json\/wp\/v2\/product_brand?post=509"},{"taxonomy":"product_cat","embeddable":true,"href":"https:\/\/www.aichemchemical.es\/it\/wp-json\/wp\/v2\/product_cat?post=509"},{"taxonomy":"product_tag","embeddable":true,"href":"https:\/\/www.aichemchemical.es\/it\/wp-json\/wp\/v2\/product_tag?post=509"}],"curies":[{"name":"wp","href":"https:\/\/api.w.org\/{rel}","templated":true}]}}