{"id":497,"date":"2026-03-08T00:19:24","date_gmt":"2026-03-07T23:19:24","guid":{"rendered":"https:\/\/www.aichemchemical.es\/product\/guanto-chimico-protettivo\/"},"modified":"2026-03-08T00:19:27","modified_gmt":"2026-03-07T23:19:27","slug":"guanto-chimico-protettivo","status":"publish","type":"product","link":"https:\/\/www.aichemchemical.es\/it\/product\/guanto-chimico-protettivo\/","title":{"rendered":"Guanto chimico protettivo"},"content":{"rendered":"<p>236 \/ <span style=\"vertical-align: inherit;\">EAN: 0<\/span><\/p>\n<p><span style=\"vertical-align: inherit;\"><span style=\"vertical-align: inherit;\">HAND CLEAN PROTECTION (Guanto Chimico Protettivo) crea una pel\u00edcula protectora sobre manos y mu\u00f1ecas que ayuda a evitar que la suciedad se adhiera mientras trabajas. Es especialmente \u00fatil en entornos con cemento y polvo, donde la suciedad se pega y cuesta quitarla.<\/p>\n<p>Su uso es muy simple: se aplica antes de empezar, y luego la suciedad se retira con m\u00e1s facilidad durante el lavado normal.<\/p>\n<p>Modo de empleo (etiqueta)<br \/>\nAplicar una cantidad suficiente sobre manos y mu\u00f1ecas secas antes de comenzar el trabajo.<br \/>\nRepetir la aplicaci\u00f3n cada 3\u20134 horas.<br \/>\nPara eliminar la protecci\u00f3n, lavar\/enjuagar con un detergente neutro.<\/span><\/span><\/p>\n<h3>Ingredientes<\/h3>\n<p>Seg\u00fan Reg. (CE) 648\/2004: &lt;5% perfumes.<br \/>\nContiene una mezcla de conservantes: 5-cloro-2-metil-4-isotiazolin-3-ona y 2-metil-4-isotiazolin-3-ona (3:1).<\/p>\n<h3>C\u00f3digo UFI: 5565-d515-a1515-e10001<\/h3>\n<h3>Frases de Seguridad<\/h3>\n<p>Producto considerado NO peligroso.<\/p>\n<p>Puede provocar una reacci\u00f3n al\u00e9rgica (por la mezcla de isotiazolinonas indicada).<\/p>\n<p>&nbsp;<\/p>\n<table style='width: 100%; border: 1px solid #666; border-collapse: collapse;'>\n<tr>\n<td style='text-align: center; border: 1px solid #666;'><img decoding=\"async\" src=\"https:\/\/www.aichemchemical.es\/wp-content\/uploads\/2024\/08\/IconoPalet.png\" alt=\"Icono Palet\" style='width: 80px; height: 80px;' \/><\/td>\n<td style='text-align: center;><h3>Cantidad por Palet: 2000<\/h3><\/td><\/tr><\/table><p>&nbsp;<\/p><table style='width: 100%; border: 1px solid #666; border-collapse: collapse;'>\n<th style='border: 1px solid #666;'>\n<h3>Etiquetas<\/h3>\n<\/th>\n<td style='text-align: center; border: 1px solid #666;'><a href=\"https:\/\/aichemchemical.es\/foto\/etiquetas\/236-ita.pdf\"><img decoding=\"async\" src=\"https:\/\/www.aichemchemical.es\/wp-content\/uploads\/2024\/08\/ita-e1723759678618.png\" alt=\"ita\" style='width: 40px; height: 40px;' target='_blank'\/><br \/>ita<\/a><\/td>\n<\/tr>\n<\/table>\n<p>&nbsp;<\/p>","protected":false},"excerpt":{"rendered":"<p>Crema barrera tipo \u201cguante qu\u00edmico\u201d que crea una pel\u00edcula protectora para ayudar a proteger la piel de la suciedad durante el trabajo. Ideal para herreros, mec\u00e1nicos y trabajos con cemento, polvo y part\u00edculas.<\/p>","protected":false},"featured_media":499,"template":"","meta":{"_et_pb_use_builder":"","_et_pb_old_content":"","_et_gb_content_width":""},"product_brand":[],"product_cat":[27],"product_tag":[23,28],"class_list":{"0":"post-497","1":"product","2":"type-product","3":"status-publish","4":"has-post-thumbnail","6":"product_cat-linea-manos","7":"product_tag-liquido","8":"product_tag-manos","9":"pa_formato-150-ml","11":"first","12":"instock","13":"shipping-taxable","14":"product-type-simple"},"_links":{"self":[{"href":"https:\/\/www.aichemchemical.es\/it\/wp-json\/wp\/v2\/product\/497","targetHints":{"allow":["GET"]}}],"collection":[{"href":"https:\/\/www.aichemchemical.es\/it\/wp-json\/wp\/v2\/product"}],"about":[{"href":"https:\/\/www.aichemchemical.es\/it\/wp-json\/wp\/v2\/types\/product"}],"wp:featuredmedia":[{"embeddable":true,"href":"https:\/\/www.aichemchemical.es\/it\/wp-json\/wp\/v2\/media\/499"}],"wp:attachment":[{"href":"https:\/\/www.aichemchemical.es\/it\/wp-json\/wp\/v2\/media?parent=497"}],"wp:term":[{"taxonomy":"product_brand","embeddable":true,"href":"https:\/\/www.aichemchemical.es\/it\/wp-json\/wp\/v2\/product_brand?post=497"},{"taxonomy":"product_cat","embeddable":true,"href":"https:\/\/www.aichemchemical.es\/it\/wp-json\/wp\/v2\/product_cat?post=497"},{"taxonomy":"product_tag","embeddable":true,"href":"https:\/\/www.aichemchemical.es\/it\/wp-json\/wp\/v2\/product_tag?post=497"}],"curies":[{"name":"wp","href":"https:\/\/api.w.org\/{rel}","templated":true}]}}