{"id":494,"date":"2026-03-08T00:19:20","date_gmt":"2026-03-07T23:19:20","guid":{"rendered":"https:\/\/www.aichemchemical.es\/product\/gel-lavamani-per-resine-e-vernici\/"},"modified":"2026-03-08T00:19:25","modified_gmt":"2026-03-07T23:19:25","slug":"gel-lavamani-per-resine-e-vernici","status":"publish","type":"product","link":"https:\/\/www.aichemchemical.es\/it\/product\/gel-lavamani-per-resine-e-vernici\/","title":{"rendered":"Gel Lavamani per Resine e Vernici"},"content":{"rendered":"<p>497 \/ <span style=\"vertical-align: inherit;\">EAN: 0<\/span><\/p>\n<p><span style=\"vertical-align: inherit;\"><span style=\"vertical-align: inherit;\">RV1 Lavamanos para Resinas y Pinturas est\u00e1 formulado para quitar de forma eficaz la suciedad que m\u00e1s se pega: resinas, pinturas, barnices, tintas y siliconas. Es una opci\u00f3n especialmente indicada para profesionales que trabajan con recubrimientos y adhesivos, donde un lavamanos normal se queda corto.<\/p>\n<p>Adem\u00e1s de limpiar, hidrata y ayuda a mantener la piel m\u00e1s suave, algo clave cuando te lavas las manos muchas veces al d\u00eda en taller o industria.<\/p>\n<p>Recomendado para<br \/>\nCarrocer\u00eda (carrozzieri)<br \/>\nPintura<br \/>\nImprenta \/ tipograf\u00eda<br \/>\nIndustria mec\u00e1nica<br \/>\nIndustria naval<\/p>\n<p>Modo de empleo (etiqueta)<br \/>\nUsar una peque\u00f1a cantidad sobre las manos secas.<br \/>\nMasajear hasta la emulsi\u00f3n completa de la suciedad.<br \/>\nAclarar y secar cuidadosamente.<br \/>\nRepetir si es necesario.<\/span><\/span><\/p>\n<h3>Ingredientes<\/h3>\n<p>Seg\u00fan Reg. (CE) 648\/2004: &lt;5% perfumes.<\/p>\n<p>INGREDIENTS (etiqueta): Water, Polyurethane, Glycerin, Sodium Dodecylbenzenesulfonate, Ethoxylated, Alcohol C10-C12, Dimethyl Succinate, Dimethyl Adipate, Dimethyl Glutarate, Parfum, Methylisothiazolinone, Methylchloroisothiazolinone.<\/p>\n<h3>C\u00f3digo UFI: 5565-d515-a1515-e10007<\/h3>\n<h3>Frases de Seguridad<\/h3>\n<p>Producto considerado NO PELIGROSO.<br \/>\nRecomendaci\u00f3n de uso: evitar el contacto con los ojos y, en caso de contacto, aclarar con agua. Mantener fuera del alcance de los ni\u00f1os.<\/p>\n<p>&nbsp;<\/p>\n<table style='width: 100%; border: 1px solid #666; border-collapse: collapse;'>\n<tr>\n<td style='text-align: center; border: 1px solid #666;'><img decoding=\"async\" src=\"https:\/\/www.aichemchemical.es\/wp-content\/uploads\/2024\/08\/IconoPalet.png\" alt=\"Icono Palet\" style='width: 80px; height: 80px;' \/><\/td>\n<td style='text-align: center;><h3>Cantidad por Palet: 960<\/h3><\/td><\/tr><\/table><p>&nbsp;<\/p><table style='width: 100%; border: 1px solid #666; border-collapse: collapse;'>\n<th style='border: 1px solid #666;'>\n<h3>Etiquetas<\/h3>\n<\/th>\n<td style='text-align: center; border: 1px solid #666;'><a href=\"https:\/\/aichemchemical.es\/foto\/etiquetas\/497-ita.pdf\"><img decoding=\"async\" src=\"https:\/\/www.aichemchemical.es\/wp-content\/uploads\/2024\/08\/ita-e1723759678618.png\" alt=\"ita\" style='width: 40px; height: 40px;' target='_blank'\/><br \/>ita<\/a><\/td>\n<\/tr>\n<\/table>\n<p>&nbsp;<\/p>","protected":false},"excerpt":{"rendered":"<p>Crema\/gel lavamanos de calidad superior para eliminar de las manos resinas, pinturas\/barnices, tintas y siliconas. Ideal para carroceros, pintores, tipograf\u00edas y industria mec\u00e1nica y naval. Hidrata y suaviza la piel.<\/p>","protected":false},"featured_media":496,"template":"","meta":{"_et_pb_use_builder":"","_et_pb_old_content":"","_et_gb_content_width":""},"product_brand":[],"product_cat":[27],"product_tag":[23,28],"class_list":{"0":"post-494","1":"product","2":"type-product","3":"status-publish","4":"has-post-thumbnail","6":"product_cat-linea-manos","7":"product_tag-liquido","8":"product_tag-manos","9":"pa_formato-500-ml","11":"first","12":"instock","13":"shipping-taxable","14":"product-type-simple"},"_links":{"self":[{"href":"https:\/\/www.aichemchemical.es\/it\/wp-json\/wp\/v2\/product\/494","targetHints":{"allow":["GET"]}}],"collection":[{"href":"https:\/\/www.aichemchemical.es\/it\/wp-json\/wp\/v2\/product"}],"about":[{"href":"https:\/\/www.aichemchemical.es\/it\/wp-json\/wp\/v2\/types\/product"}],"wp:featuredmedia":[{"embeddable":true,"href":"https:\/\/www.aichemchemical.es\/it\/wp-json\/wp\/v2\/media\/496"}],"wp:attachment":[{"href":"https:\/\/www.aichemchemical.es\/it\/wp-json\/wp\/v2\/media?parent=494"}],"wp:term":[{"taxonomy":"product_brand","embeddable":true,"href":"https:\/\/www.aichemchemical.es\/it\/wp-json\/wp\/v2\/product_brand?post=494"},{"taxonomy":"product_cat","embeddable":true,"href":"https:\/\/www.aichemchemical.es\/it\/wp-json\/wp\/v2\/product_cat?post=494"},{"taxonomy":"product_tag","embeddable":true,"href":"https:\/\/www.aichemchemical.es\/it\/wp-json\/wp\/v2\/product_tag?post=494"}],"curies":[{"name":"wp","href":"https:\/\/api.w.org\/{rel}","templated":true}]}}