{"id":437,"date":"2026-03-08T00:19:34","date_gmt":"2026-03-07T23:19:34","guid":{"rendered":"https:\/\/www.aichemchemical.es\/product\/gel-lavamani-con-dosatore\/"},"modified":"2026-03-08T00:19:36","modified_gmt":"2026-03-07T23:19:36","slug":"gel-lavamani-con-dosatore","status":"publish","type":"product","link":"https:\/\/www.aichemchemical.es\/it\/product\/gel-lavamani-con-dosatore\/","title":{"rendered":"gel lavamani con dosatore"},"content":{"rendered":"<p>2264 \/ <span style=\"vertical-align: inherit;\">EAN: 8034108220161<\/span><\/p>\n<p><span style=\"vertical-align: inherit;\"><span style=\"vertical-align: inherit;\">GEL LAVAMANI AICHEM es un gel lavamanos profesional para el uso diario en entornos donde la suciedad se pega de verdad. Est\u00e1 pensado para retirar grasa y gran suciedad de forma r\u00e1pida y eficaz, siendo una opci\u00f3n pr\u00e1ctica para talleres y trabajos industriales.<\/p>\n<p>Recomendado para<br \/>\nMec\u00e1nicos y talleres<br \/>\nCarrocer\u00eda<br \/>\nTransportistas<br \/>\nIndustria mec\u00e1nica<br \/>\nConstrucci\u00f3n naval<\/p>\n<p>Modo de empleo (etiqueta)<br \/>\nSin mojar las manos, aplique una peque\u00f1a cantidad.<br \/>\nFrote hasta la completa emulsi\u00f3n de la suciedad.<br \/>\nEnjuague y seque con cuidado.<\/span><\/span><\/p>\n<h3>Ingredientes<\/h3>\n<p>Water, polyurethane, glycerin, triethanolamine, sodium tallowate, alkyl benzenesulfonic acid, stearic acid, linear ethoxylated alcohol C-10-C12, methylchloroisothiazolinone, methylisothiazolinone, parfum fragrance.<\/p>\n<h3>C\u00f3digo UFI: 5565-d515-a1515-e9999<\/h3>\n<h3>Frases de Seguridad<\/h3>\n<p>Evitar contacto con ojos; si ocurre, aclarar con agua. Mantener fuera del alcance de ni\u00f1os.<\/p>\n<p>&nbsp;<\/p>\n<table style='width: 100%; border: 1px solid #666; border-collapse: collapse;'>\n<tr>\n<td style='text-align: center; border: 1px solid #666;'><img decoding=\"async\" src=\"https:\/\/www.aichemchemical.es\/wp-content\/uploads\/2024\/08\/IconoPalet.png\" alt=\"Icono Palet\" style='width: 80px; height: 80px;' \/><\/td>\n<td style='text-align: center;><h3>Cantidad por Palet: 160<\/h3><\/td><\/tr><\/table><p>&nbsp;<\/p><table style='width: 100%; border: 1px solid #666; border-collapse: collapse;'>\n<th style='border: 1px solid #666;'>\n<h3>Etiquetas<\/h3>\n<\/th>\n<td style='text-align: center; border: 1px solid #666;'><a href=\"https:\/\/aichemchemical.es\/foto\/etiquetas\/2264-ita.pdf\"><img decoding=\"async\" src=\"https:\/\/www.aichemchemical.es\/wp-content\/uploads\/2024\/08\/ita-e1723759678618.png\" alt=\"ita\" style='width: 40px; height: 40px;' target='_blank'\/><br \/>ita<\/a><\/td>\n<\/tr>\n<\/table>\n<p>&nbsp;<\/p>\n<table style='width: 100%; border: 1px solid #666; border-collapse: collapse;'>\n<th style='border: 1px solid #666;'>\n<h3>Fichas de Seguridad<\/h3>\n<\/th>\n<td style='text-align: center; border: 1px solid #666;'><a href=\"https:\/\/aichemchemical.es\/foto\/fichas\/2264_MSDS-esp.pdf\"><img decoding=\"async\" src=\"https:\/\/www.aichemchemical.es\/wp-content\/uploads\/2024\/08\/esp-e1723759731933.png\" alt=\"esp\" style='width: 40px; height: 40px;' target='_blank'\/><br \/>esp<\/a><\/td>\n<td style='text-align: center; border: 1px solid #666;'><a href=\"https:\/\/aichemchemical.es\/foto\/fichas\/2264_MSDS-gbr.pdf\"><img decoding=\"async\" src=\"https:\/\/www.aichemchemical.es\/wp-content\/uploads\/2024\/08\/gbr-e1723759663752.png\" alt=\"gbr\" style='width: 40px; height: 40px;' target='_blank'\/><br \/>gbr<\/a><\/td>\n<\/tr>\n<\/table>","protected":false},"excerpt":{"rendered":"<p>Gel lavamanos AICHEM de alta calidad que elimina f\u00e1cilmente grasa y suciedad intensa. Recomendado para mec\u00e1nicos, carroceros, transportistas, industria mec\u00e1nica y construcci\u00f3n naval. No afecta a la piel.<\/p>","protected":false},"featured_media":439,"template":"","meta":{"_et_pb_use_builder":"","_et_pb_old_content":"","_et_gb_content_width":""},"product_brand":[],"product_cat":[27],"product_tag":[23,28],"class_list":{"0":"post-437","1":"product","2":"type-product","3":"status-publish","4":"has-post-thumbnail","6":"product_cat-linea-manos","7":"product_tag-liquido","8":"product_tag-manos","9":"pa_formato-4000-ml","11":"first","12":"instock","13":"shipping-taxable","14":"product-type-simple"},"_links":{"self":[{"href":"https:\/\/www.aichemchemical.es\/it\/wp-json\/wp\/v2\/product\/437","targetHints":{"allow":["GET"]}}],"collection":[{"href":"https:\/\/www.aichemchemical.es\/it\/wp-json\/wp\/v2\/product"}],"about":[{"href":"https:\/\/www.aichemchemical.es\/it\/wp-json\/wp\/v2\/types\/product"}],"wp:featuredmedia":[{"embeddable":true,"href":"https:\/\/www.aichemchemical.es\/it\/wp-json\/wp\/v2\/media\/439"}],"wp:attachment":[{"href":"https:\/\/www.aichemchemical.es\/it\/wp-json\/wp\/v2\/media?parent=437"}],"wp:term":[{"taxonomy":"product_brand","embeddable":true,"href":"https:\/\/www.aichemchemical.es\/it\/wp-json\/wp\/v2\/product_brand?post=437"},{"taxonomy":"product_cat","embeddable":true,"href":"https:\/\/www.aichemchemical.es\/it\/wp-json\/wp\/v2\/product_cat?post=437"},{"taxonomy":"product_tag","embeddable":true,"href":"https:\/\/www.aichemchemical.es\/it\/wp-json\/wp\/v2\/product_tag?post=437"}],"curies":[{"name":"wp","href":"https:\/\/api.w.org\/{rel}","templated":true}]}}