{"id":434,"date":"2026-03-08T00:19:56","date_gmt":"2026-03-07T23:19:56","guid":{"rendered":"https:\/\/www.aichemchemical.es\/product\/shampoo-per-tunnel-di-lavaggio-2\/"},"modified":"2026-03-08T00:19:58","modified_gmt":"2026-03-07T23:19:58","slug":"shampoo-per-tunnel-di-lavaggio","status":"publish","type":"product","link":"https:\/\/www.aichemchemical.es\/it\/product\/shampoo-per-tunnel-di-lavaggio\/","title":{"rendered":"Shampoo per tunnel di lavaggio"},"content":{"rendered":"<p>1768 \/ <span style=\"vertical-align: inherit;\">EAN: 0<\/span><\/p>\n<p><span style=\"vertical-align: inherit;\"><span style=\"vertical-align: inherit;\">SG Automatic Foam es un detergente schiumogeno (espumante) pensado para instalaciones de car wash con equipos autom\u00e1ticos, donde interesa una combinaci\u00f3n clara: espuma + desengrase + aclarado r\u00e1pido.<\/p>\n<p>Act\u00faa sobre la suciedad t\u00edpica de tr\u00e1fico y suciedad pesada, como:<br \/>\nGrasa<br \/>\nResiduos de aceite<br \/>\nTinta de sellos (timbri)<br \/>\nSuciedad en molduras<br \/>\nSmog<br \/>\nResiduos carbonosos, etc. <\/p>\n<p>Ventajas<br \/>\nAlto poder desengrasante<br \/>\nF\u00e1cil de aclarar<br \/>\nBiodegradable<br \/>\nNo contiene fosfatos <\/p>\n<p>Modo de empleo (etiqueta)<br \/>\nProducto concentrado. Diluir entre el 2% y el 5%.<br \/>\nEn sistemas autom\u00e1ticos, ajustar las dosis de mezcla y aspiraci\u00f3n seg\u00fan las proporciones recomendadas por el fabricante. La dosis puede variar seg\u00fan el nivel de suciedad.<\/span><\/span><\/p>\n<h3>Ingredientes<\/h3>\n<p>Contiene: alcohol C10\u201312 etoxilados; alcohol C12\u201314 etoxilato sulfato (sal s\u00f3dica); mezcla de 5-cloro-2-metil-4-isotiazolin-3-ona y 2-metil-4-isotiazolin-3-ona (3:1).<br \/>\nSeg\u00fan Reg. (CE) 648\/2004: 5% &lt; 15% tensioactivos ani\u00f3nicos.<\/p>\n<p><img decoding=\"async\" src=\"https:\/\/www.aichemchemical.es\/wp-content\/uploads\/2024\/07\/Acido.png\" alt=\"\u00c1cido\" \/><img decoding=\"async\" src=\"https:\/\/www.aichemchemical.es\/wp-content\/uploads\/2024\/07\/Exclamacion.png\" alt=\"Exclamaci\u00f3n\" \/><\/p>\n<h3>C\u00f3digo UFI: 5565-d515-a1515-e10024<\/h3>\n<h3>Frases de Seguridad<\/h3>\n<p>PELIGRO: Provoca irritaci\u00f3n cut\u00e1nea. Puede provocar una reacci\u00f3n al\u00e9rgica cut\u00e1nea. Provoca graves lesiones oculares. EN CASO DE CONTACTO CON LOS OJOS: Aclarar cuidadosamente durante varios minutos. Quitar las lentes de contacto si es posible. Continuar aclarando. Contactar inmediatamente con un m\u00e9dico o un CENTRO ANTIVELENOS en caso de malestar.<\/p>\n<p>&nbsp;<\/p>\n<table style='width: 100%; border: 1px solid #666; border-collapse: collapse;'>\n<tr>\n<td style='text-align: center; border: 1px solid #666;'><img decoding=\"async\" src=\"https:\/\/www.aichemchemical.es\/wp-content\/uploads\/2024\/08\/IconoPalet.png\" alt=\"Icono Palet\" style='width: 80px; height: 80px;' \/><\/td>\n<td style='text-align: center;><h3>Cantidad por Palet: 26<\/h3><\/td><\/tr><\/table><p>&nbsp;<\/p><table style='width: 100%; border: 1px solid #666; border-collapse: collapse;'>\n<th style='border: 1px solid #666;'>\n<h3>Etiquetas<\/h3>\n<\/th>\n<td style='text-align: center; border: 1px solid #666;'><a href=\"https:\/\/aichemchemical.es\/foto\/etiquetas\/1768-ita.pdf\"><img decoding=\"async\" src=\"https:\/\/www.aichemchemical.es\/wp-content\/uploads\/2024\/08\/ita-e1723759678618.png\" alt=\"ita\" style='width: 40px; height: 40px;' target='_blank'\/><br \/>ita<\/a><\/td>\n<\/tr>\n<\/table>\n<p>&nbsp;<\/p>\n<table style='width: 100%; border: 1px solid #666; border-collapse: collapse;'>\n<th style='border: 1px solid #666;'>\n<h3>Fichas de Seguridad<\/h3>\n<\/th>\n<td style='text-align: center; border: 1px solid #666;'><a href=\"https:\/\/aichemchemical.es\/foto\/fichas\/1768_MSDS-esp.pdf\"><img decoding=\"async\" src=\"https:\/\/www.aichemchemical.es\/wp-content\/uploads\/2024\/08\/esp-e1723759731933.png\" alt=\"esp\" style='width: 40px; height: 40px;' target='_blank'\/><br \/>esp<\/a><\/td>\n<td style='text-align: center; border: 1px solid #666;'><a href=\"https:\/\/aichemchemical.es\/foto\/fichas\/1768_MSDS-gbr.pdf\"><img decoding=\"async\" src=\"https:\/\/www.aichemchemical.es\/wp-content\/uploads\/2024\/08\/gbr-e1723759663752.png\" alt=\"gbr\" style='width: 40px; height: 40px;' target='_blank'\/><br \/>gbr<\/a><\/td>\n<\/tr>\n<\/table>","protected":false},"excerpt":{"rendered":"<p>Champ\u00fa espum\u00f3geno desengrasante para t\u00faneles de lavado y sistemas autom\u00e1ticos. Alto poder desengrasante, f\u00e1cil aclarado, biodegradable y sin fosfatos. Eficaz contra grasa, restos de aceite, tinta de sellos, smog y residuos carbonosos.<\/p>","protected":false},"featured_media":436,"template":"","meta":{"_et_pb_use_builder":"","_et_pb_old_content":"","_et_gb_content_width":""},"product_brand":[],"product_cat":[21],"product_tag":[23,22],"class_list":{"0":"post-434","1":"product","2":"type-product","3":"status-publish","4":"has-post-thumbnail","6":"product_cat-prelavados-monocomponente","7":"product_tag-liquido","8":"product_tag-monocomponente","9":"pa_formato-25-kg","11":"first","12":"instock","13":"shipping-taxable","14":"product-type-simple"},"_links":{"self":[{"href":"https:\/\/www.aichemchemical.es\/it\/wp-json\/wp\/v2\/product\/434","targetHints":{"allow":["GET"]}}],"collection":[{"href":"https:\/\/www.aichemchemical.es\/it\/wp-json\/wp\/v2\/product"}],"about":[{"href":"https:\/\/www.aichemchemical.es\/it\/wp-json\/wp\/v2\/types\/product"}],"wp:featuredmedia":[{"embeddable":true,"href":"https:\/\/www.aichemchemical.es\/it\/wp-json\/wp\/v2\/media\/436"}],"wp:attachment":[{"href":"https:\/\/www.aichemchemical.es\/it\/wp-json\/wp\/v2\/media?parent=434"}],"wp:term":[{"taxonomy":"product_brand","embeddable":true,"href":"https:\/\/www.aichemchemical.es\/it\/wp-json\/wp\/v2\/product_brand?post=434"},{"taxonomy":"product_cat","embeddable":true,"href":"https:\/\/www.aichemchemical.es\/it\/wp-json\/wp\/v2\/product_cat?post=434"},{"taxonomy":"product_tag","embeddable":true,"href":"https:\/\/www.aichemchemical.es\/it\/wp-json\/wp\/v2\/product_tag?post=434"}],"curies":[{"name":"wp","href":"https:\/\/api.w.org\/{rel}","templated":true}]}}